{"id":7590,"date":"2023-11-28T15:35:11","date_gmt":"2023-11-28T14:35:11","guid":{"rendered":"https:\/\/lasquadra.pl\/?post_type=product&#038;p=7590"},"modified":"2023-11-28T15:43:55","modified_gmt":"2023-11-28T14:43:55","slug":"beige-hat","status":"publish","type":"product","link":"https:\/\/lasquadra.pl\/en\/produkt\/beige-hat\/","title":{"rendered":"WOOL HAT WITH LA SQUADRA LOGO"},"content":{"rendered":"<p>You won&#8217;t be afraid of winter with our woolen hat with the La Squadra logo \u2744\u26c4<\/p>\n<p>Made of 100% wool<br \/>\nColour: beige<br \/>\nUnisex model<br \/>\nOne size<\/p>\n","protected":false},"excerpt":{"rendered":"<p>You won&#8217;t be afraid of winter with our woolen hat with the La Squadra logo \u2744\u26c4 Made of 100% wool Colour: beige Unisex model One size<\/p>\n","protected":false},"featured_media":7589,"comment_status":"closed","ping_status":"closed","template":"","meta":{"_acf_changed":false},"product_brand":[],"product_cat":[49],"product_tag":[],"class_list":{"0":"post-7590","1":"product","2":"type-product","3":"status-publish","4":"has-post-thumbnail","6":"product_cat-accessories","8":"first","9":"instock","10":"shipping-taxable","11":"purchasable","12":"product-type-simple"},"acf":[],"yoast_head":"<!-- This site is optimized with the Yoast SEO plugin v27.4 - https:\/\/yoast.com\/product\/yoast-seo-wordpress\/ -->\n<title>WOOL HAT WITH LA SQUADRA LOGO - La Squadra<\/title>\n<meta name=\"description\" content=\"Beige woolen hat with the La Squadra logo. Unisex model. 100% wool. Discover our entire collection at https:\/\/lasquadra.pl\/sklep\/\" \/>\n<meta name=\"robots\" content=\"index, follow, max-snippet:-1, max-image-preview:large, max-video-preview:-1\" \/>\n<link rel=\"canonical\" href=\"https:\/\/lasquadra.pl\/en\/produkt\/beige-hat\/\" \/>\n<meta property=\"og:locale\" content=\"en_US\" \/>\n<meta property=\"og:type\" content=\"article\" \/>\n<meta property=\"og:title\" content=\"WOOL HAT WITH LA SQUADRA LOGO - La Squadra\" \/>\n<meta property=\"og:description\" content=\"Beige woolen hat with the La Squadra logo. Unisex model. 100% wool. Discover our entire collection at https:\/\/lasquadra.pl\/sklep\/\" \/>\n<meta property=\"og:url\" content=\"https:\/\/lasquadra.pl\/en\/produkt\/beige-hat\/\" \/>\n<meta property=\"og:site_name\" content=\"La Squadra\" \/>\n<meta property=\"article:modified_time\" content=\"2023-11-28T14:43:55+00:00\" \/>\n<meta property=\"og:image\" content=\"https:\/\/lasquadra.pl\/wp-content\/uploads\/2023\/11\/096A3559-kopia.jpg\" \/>\n\t<meta property=\"og:image:width\" content=\"1280\" \/>\n\t<meta property=\"og:image:height\" content=\"1920\" \/>\n\t<meta property=\"og:image:type\" content=\"image\/jpeg\" \/>\n<meta name=\"twitter:card\" content=\"summary_large_image\" \/>\n<!-- \/ Yoast SEO plugin. -->","yoast_head_json":{"title":"WOOL HAT WITH LA SQUADRA LOGO - La Squadra","description":"Beige woolen hat with the La Squadra logo. Unisex model. 100% wool. Discover our entire collection at https:\/\/lasquadra.pl\/sklep\/","robots":{"index":"index","follow":"follow","max-snippet":"max-snippet:-1","max-image-preview":"max-image-preview:large","max-video-preview":"max-video-preview:-1"},"canonical":"https:\/\/lasquadra.pl\/en\/produkt\/beige-hat\/","og_locale":"en_US","og_type":"article","og_title":"WOOL HAT WITH LA SQUADRA LOGO - La Squadra","og_description":"Beige woolen hat with the La Squadra logo. Unisex model. 100% wool. Discover our entire collection at https:\/\/lasquadra.pl\/sklep\/","og_url":"https:\/\/lasquadra.pl\/en\/produkt\/beige-hat\/","og_site_name":"La Squadra","article_modified_time":"2023-11-28T14:43:55+00:00","og_image":[{"width":1280,"height":1920,"url":"https:\/\/lasquadra.pl\/wp-content\/uploads\/2023\/11\/096A3559-kopia.jpg","type":"image\/jpeg"}],"twitter_card":"summary_large_image","schema":{"@context":"https:\/\/schema.org","@graph":[{"@type":"WebPage","@id":"https:\/\/lasquadra.pl\/en\/produkt\/beige-hat\/","url":"https:\/\/lasquadra.pl\/en\/produkt\/beige-hat\/","name":"WOOL HAT WITH LA SQUADRA LOGO - La Squadra","isPartOf":{"@id":"https:\/\/lasquadra.pl\/en\/#website"},"primaryImageOfPage":{"@id":"https:\/\/lasquadra.pl\/en\/produkt\/beige-hat\/#primaryimage"},"image":{"@id":"https:\/\/lasquadra.pl\/en\/produkt\/beige-hat\/#primaryimage"},"thumbnailUrl":"https:\/\/lasquadra.pl\/wp-content\/uploads\/2023\/11\/096A3559-kopia.jpg","datePublished":"2023-11-28T14:35:11+00:00","dateModified":"2023-11-28T14:43:55+00:00","description":"Beige woolen hat with the La Squadra logo. Unisex model. 100% wool. Discover our entire collection at https:\/\/lasquadra.pl\/sklep\/","breadcrumb":{"@id":"https:\/\/lasquadra.pl\/en\/produkt\/beige-hat\/#breadcrumb"},"inLanguage":"en-US","potentialAction":[{"@type":"ReadAction","target":["https:\/\/lasquadra.pl\/en\/produkt\/beige-hat\/"]}]},{"@type":"ImageObject","inLanguage":"en-US","@id":"https:\/\/lasquadra.pl\/en\/produkt\/beige-hat\/#primaryimage","url":"https:\/\/lasquadra.pl\/wp-content\/uploads\/2023\/11\/096A3559-kopia.jpg","contentUrl":"https:\/\/lasquadra.pl\/wp-content\/uploads\/2023\/11\/096A3559-kopia.jpg","width":1280,"height":1920,"caption":"U\u015bmiechaj\u0105ca sie dziewczyna w be\u017cowej, we\u0142nianej czapce."},{"@type":"BreadcrumbList","@id":"https:\/\/lasquadra.pl\/en\/produkt\/beige-hat\/#breadcrumb","itemListElement":[{"@type":"ListItem","position":1,"name":"Homepage","item":"https:\/\/lasquadra.pl\/en\/"},{"@type":"ListItem","position":2,"name":"Shop","item":"https:\/\/lasquadra.pl\/en\/shop\/"},{"@type":"ListItem","position":3,"name":"WOOL HAT WITH LA SQUADRA LOGO"}]},{"@type":"WebSite","@id":"https:\/\/lasquadra.pl\/en\/#website","url":"https:\/\/lasquadra.pl\/en\/","name":"La Squadra","description":"La Squadra jest wynikiem pracy i pasji grupy entuzjast\u00f3w, zjednoczonych w przekonaniu, \u017ce motoryzacja to u\u017cytkowe dzie\u0142a sztuki zas\u0142uguj\u0105ce na zachowanie dla przysz\u0142ych generacji. Idea ta zosta\u0142a r\u00f3wnie\u017c wyra\u017cona w samej nazwie \u201eLa Squadra\u201d, kt\u00f3ra po w\u0142osku oznacza: \u201ezesp\u00f3\u0142\u201d, \u201edru\u017cyna\u201d.","potentialAction":[{"@type":"SearchAction","target":{"@type":"EntryPoint","urlTemplate":"https:\/\/lasquadra.pl\/en\/?s={search_term_string}"},"query-input":{"@type":"PropertyValueSpecification","valueRequired":true,"valueName":"search_term_string"}}],"inLanguage":"en-US"}]}},"_links":{"self":[{"href":"https:\/\/lasquadra.pl\/en\/wp-json\/wp\/v2\/product\/7590","targetHints":{"allow":["GET"]}}],"collection":[{"href":"https:\/\/lasquadra.pl\/en\/wp-json\/wp\/v2\/product"}],"about":[{"href":"https:\/\/lasquadra.pl\/en\/wp-json\/wp\/v2\/types\/product"}],"replies":[{"embeddable":true,"href":"https:\/\/lasquadra.pl\/en\/wp-json\/wp\/v2\/comments?post=7590"}],"wp:featuredmedia":[{"embeddable":true,"href":"https:\/\/lasquadra.pl\/en\/wp-json\/wp\/v2\/media\/7589"}],"wp:attachment":[{"href":"https:\/\/lasquadra.pl\/en\/wp-json\/wp\/v2\/media?parent=7590"}],"wp:term":[{"taxonomy":"product_brand","embeddable":true,"href":"https:\/\/lasquadra.pl\/en\/wp-json\/wp\/v2\/product_brand?post=7590"},{"taxonomy":"product_cat","embeddable":true,"href":"https:\/\/lasquadra.pl\/en\/wp-json\/wp\/v2\/product_cat?post=7590"},{"taxonomy":"product_tag","embeddable":true,"href":"https:\/\/lasquadra.pl\/en\/wp-json\/wp\/v2\/product_tag?post=7590"}],"curies":[{"name":"wp","href":"https:\/\/api.w.org\/{rel}","templated":true}]}}