{"id":7565,"date":"2023-11-24T12:20:53","date_gmt":"2023-11-24T11:20:53","guid":{"rendered":"https:\/\/lasquadra.pl\/?post_type=product&#038;p=7565"},"modified":"2023-11-24T12:32:53","modified_gmt":"2023-11-24T11:32:53","slug":"tool-set-in-leather-case","status":"publish","type":"product","link":"https:\/\/lasquadra.pl\/en\/produkt\/tool-set-in-leather-case\/","title":{"rendered":"TOOL SET IN LEATHER CASE"},"content":{"rendered":"<pre class=\"tw-data-text tw-text-large tw-ta\" dir=\"ltr\" data-placeholder=\"T\u0142umaczenie\" data-ved=\"2ahUKEwjMgrmHw9yCAxVKa_EDHSFHCooQ3ewLegQIARAQ\"><span class=\"Y2IQFc\" lang=\"en\">A set of tools in a brown leather case with the La Squadra inscription.\r\n\r\n<\/span><\/pre>\n<pre class=\"tw-data-text tw-text-large tw-ta\" dir=\"ltr\" data-placeholder=\"T\u0142umaczenie\" data-ved=\"2ahUKEwjMgrmHw9yCAxVKa_EDHSFHCooQ3ewLegQIARAQ\"><span class=\"Y2IQFc\" lang=\"en\">Contains 14 items:\r\n\r\n<\/span>- <span class=\"Y2IQFc\" lang=\"en\">Combination wrenches with quick ratchet (8 mm, 9 mm, 10 mm, 11 mm, 12 mm, 13 mm, 14 mm, 15 mm)\r\n- <\/span><span class=\"Y2IQFc\" lang=\"en\">Voltage meter\r\n- <\/span><span class=\"Y2IQFc\" lang=\"en\">Adjustable wrench 8\" 200mm\r\n- <\/span><span class=\"Y2IQFc\" lang=\"en\">Screwdriver for screws 3 x 100 mm 2 pieces\r\n- <\/span><span class=\"Y2IQFc\" lang=\"en\">Composite line\r\n- <\/span><span class=\"Y2IQFc\" lang=\"en\">Folding knife<\/span><\/pre>\n<pre id=\"tw-target-text\" class=\"tw-data-text tw-text-large tw-ta\" dir=\"ltr\" data-placeholder=\"T\u0142umaczenie\" data-ved=\"2ahUKEwjMgrmHw9yCAxVKa_EDHSFHCooQ3ewLegQIARAQ\"><span class=\"Y2IQFc\" lang=\"en\">\u00a0<\/span><\/pre>\n","protected":false},"excerpt":{"rendered":"<p>A set of tools in a brown leather case with the La Squadra inscription. Contains 14 items: &#8211; Combination wrenches with quick ratchet (8 mm, 9 mm, 10 mm, 11 mm, 12 mm, 13 mm, 14 mm, 15 mm) &#8211; Voltage meter &#8211; Adjustable wrench 8&#8243; 200mm &#8211; Screwdriver for screws 3 x 100 mm [&hellip;]<\/p>\n","protected":false},"featured_media":7550,"comment_status":"closed","ping_status":"closed","template":"","meta":{"_acf_changed":false},"product_brand":[],"product_cat":[49],"product_tag":[],"class_list":{"0":"post-7565","1":"product","2":"type-product","3":"status-publish","4":"has-post-thumbnail","6":"product_cat-accessories","8":"first","9":"instock","10":"shipping-taxable","11":"purchasable","12":"product-type-simple"},"acf":[],"yoast_head":"<!-- This site is optimized with the Yoast SEO plugin v27.3 - https:\/\/yoast.com\/product\/yoast-seo-wordpress\/ -->\n<title>TOOL SET IN LEATHER CASE - La Squadra<\/title>\n<meta name=\"robots\" content=\"index, follow, max-snippet:-1, max-image-preview:large, max-video-preview:-1\" \/>\n<link rel=\"canonical\" href=\"https:\/\/lasquadra.pl\/en\/produkt\/tool-set-in-leather-case\/\" \/>\n<meta property=\"og:locale\" content=\"en_US\" \/>\n<meta property=\"og:type\" content=\"article\" \/>\n<meta property=\"og:title\" content=\"TOOL SET IN LEATHER CASE - La Squadra\" \/>\n<meta property=\"og:description\" content=\"A set of tools in a brown leather case with the La Squadra inscription. Contains 14 items: - Combination wrenches with quick ratchet (8 mm, 9 mm, 10 mm, 11 mm, 12 mm, 13 mm, 14 mm, 15 mm) - Voltage meter - Adjustable wrench 8&quot; 200mm - Screwdriver for screws 3 x 100 mm [&hellip;]\" \/>\n<meta property=\"og:url\" content=\"https:\/\/lasquadra.pl\/en\/produkt\/tool-set-in-leather-case\/\" \/>\n<meta property=\"og:site_name\" content=\"La Squadra\" \/>\n<meta property=\"article:modified_time\" content=\"2023-11-24T11:32:53+00:00\" \/>\n<meta property=\"og:image\" content=\"https:\/\/lasquadra.pl\/wp-content\/uploads\/2023\/11\/096A9794-Edit-1.jpg\" \/>\n\t<meta property=\"og:image:width\" content=\"1920\" \/>\n\t<meta property=\"og:image:height\" content=\"1280\" \/>\n\t<meta property=\"og:image:type\" content=\"image\/jpeg\" \/>\n<meta name=\"twitter:card\" content=\"summary_large_image\" \/>\n<!-- \/ Yoast SEO plugin. -->","yoast_head_json":{"title":"TOOL SET IN LEATHER CASE - La Squadra","robots":{"index":"index","follow":"follow","max-snippet":"max-snippet:-1","max-image-preview":"max-image-preview:large","max-video-preview":"max-video-preview:-1"},"canonical":"https:\/\/lasquadra.pl\/en\/produkt\/tool-set-in-leather-case\/","og_locale":"en_US","og_type":"article","og_title":"TOOL SET IN LEATHER CASE - La Squadra","og_description":"A set of tools in a brown leather case with the La Squadra inscription. Contains 14 items: - Combination wrenches with quick ratchet (8 mm, 9 mm, 10 mm, 11 mm, 12 mm, 13 mm, 14 mm, 15 mm) - Voltage meter - Adjustable wrench 8\" 200mm - Screwdriver for screws 3 x 100 mm [&hellip;]","og_url":"https:\/\/lasquadra.pl\/en\/produkt\/tool-set-in-leather-case\/","og_site_name":"La Squadra","article_modified_time":"2023-11-24T11:32:53+00:00","og_image":[{"width":1920,"height":1280,"url":"https:\/\/lasquadra.pl\/wp-content\/uploads\/2023\/11\/096A9794-Edit-1.jpg","type":"image\/jpeg"}],"twitter_card":"summary_large_image","schema":{"@context":"https:\/\/schema.org","@graph":[{"@type":"WebPage","@id":"https:\/\/lasquadra.pl\/en\/produkt\/tool-set-in-leather-case\/","url":"https:\/\/lasquadra.pl\/en\/produkt\/tool-set-in-leather-case\/","name":"TOOL SET IN LEATHER CASE - La Squadra","isPartOf":{"@id":"https:\/\/lasquadra.pl\/en\/#website"},"primaryImageOfPage":{"@id":"https:\/\/lasquadra.pl\/en\/produkt\/tool-set-in-leather-case\/#primaryimage"},"image":{"@id":"https:\/\/lasquadra.pl\/en\/produkt\/tool-set-in-leather-case\/#primaryimage"},"thumbnailUrl":"https:\/\/lasquadra.pl\/wp-content\/uploads\/2023\/11\/096A9794-Edit-1.jpg","datePublished":"2023-11-24T11:20:53+00:00","dateModified":"2023-11-24T11:32:53+00:00","breadcrumb":{"@id":"https:\/\/lasquadra.pl\/en\/produkt\/tool-set-in-leather-case\/#breadcrumb"},"inLanguage":"en-US","potentialAction":[{"@type":"ReadAction","target":["https:\/\/lasquadra.pl\/en\/produkt\/tool-set-in-leather-case\/"]}]},{"@type":"ImageObject","inLanguage":"en-US","@id":"https:\/\/lasquadra.pl\/en\/produkt\/tool-set-in-leather-case\/#primaryimage","url":"https:\/\/lasquadra.pl\/wp-content\/uploads\/2023\/11\/096A9794-Edit-1.jpg","contentUrl":"https:\/\/lasquadra.pl\/wp-content\/uploads\/2023\/11\/096A9794-Edit-1.jpg","width":1920,"height":1280},{"@type":"BreadcrumbList","@id":"https:\/\/lasquadra.pl\/en\/produkt\/tool-set-in-leather-case\/#breadcrumb","itemListElement":[{"@type":"ListItem","position":1,"name":"Homepage","item":"https:\/\/lasquadra.pl\/en\/"},{"@type":"ListItem","position":2,"name":"Shop","item":"https:\/\/lasquadra.pl\/en\/shop\/"},{"@type":"ListItem","position":3,"name":"TOOL SET IN LEATHER CASE"}]},{"@type":"WebSite","@id":"https:\/\/lasquadra.pl\/en\/#website","url":"https:\/\/lasquadra.pl\/en\/","name":"La Squadra","description":"La Squadra jest wynikiem pracy i pasji grupy entuzjast\u00f3w, zjednoczonych w przekonaniu, \u017ce motoryzacja to u\u017cytkowe dzie\u0142a sztuki zas\u0142uguj\u0105ce na zachowanie dla przysz\u0142ych generacji. Idea ta zosta\u0142a r\u00f3wnie\u017c wyra\u017cona w samej nazwie \u201eLa Squadra\u201d, kt\u00f3ra po w\u0142osku oznacza: \u201ezesp\u00f3\u0142\u201d, \u201edru\u017cyna\u201d.","potentialAction":[{"@type":"SearchAction","target":{"@type":"EntryPoint","urlTemplate":"https:\/\/lasquadra.pl\/en\/?s={search_term_string}"},"query-input":{"@type":"PropertyValueSpecification","valueRequired":true,"valueName":"search_term_string"}}],"inLanguage":"en-US"}]}},"_links":{"self":[{"href":"https:\/\/lasquadra.pl\/en\/wp-json\/wp\/v2\/product\/7565","targetHints":{"allow":["GET"]}}],"collection":[{"href":"https:\/\/lasquadra.pl\/en\/wp-json\/wp\/v2\/product"}],"about":[{"href":"https:\/\/lasquadra.pl\/en\/wp-json\/wp\/v2\/types\/product"}],"replies":[{"embeddable":true,"href":"https:\/\/lasquadra.pl\/en\/wp-json\/wp\/v2\/comments?post=7565"}],"wp:featuredmedia":[{"embeddable":true,"href":"https:\/\/lasquadra.pl\/en\/wp-json\/wp\/v2\/media\/7550"}],"wp:attachment":[{"href":"https:\/\/lasquadra.pl\/en\/wp-json\/wp\/v2\/media?parent=7565"}],"wp:term":[{"taxonomy":"product_brand","embeddable":true,"href":"https:\/\/lasquadra.pl\/en\/wp-json\/wp\/v2\/product_brand?post=7565"},{"taxonomy":"product_cat","embeddable":true,"href":"https:\/\/lasquadra.pl\/en\/wp-json\/wp\/v2\/product_cat?post=7565"},{"taxonomy":"product_tag","embeddable":true,"href":"https:\/\/lasquadra.pl\/en\/wp-json\/wp\/v2\/product_tag?post=7565"}],"curies":[{"name":"wp","href":"https:\/\/api.w.org\/{rel}","templated":true}]}}