{"id":7541,"date":"2023-11-22T16:28:52","date_gmt":"2023-11-22T15:28:52","guid":{"rendered":"https:\/\/lasquadra.pl\/?post_type=product&#038;p=7541"},"modified":"2023-11-22T16:31:57","modified_gmt":"2023-11-22T15:31:57","slug":"la-squadra-document-case","status":"publish","type":"product","link":"https:\/\/lasquadra.pl\/en\/produkt\/la-squadra-document-case\/","title":{"rendered":"LA SQUADRA DOCUMENT CASE"},"content":{"rendered":"<p>Document case with embossed La Squadra inscription.<\/p>\n<p>Product with stitching made of grain leather.<\/p>\n","protected":false},"excerpt":{"rendered":"<p>Document case with embossed La Squadra inscription. Product with stitching made of grain leather.<\/p>\n","protected":false},"featured_media":7535,"comment_status":"closed","ping_status":"closed","template":"","meta":{"_acf_changed":false},"product_brand":[],"product_cat":[49],"product_tag":[],"class_list":{"0":"post-7541","1":"product","2":"type-product","3":"status-publish","4":"has-post-thumbnail","6":"product_cat-accessories","8":"first","9":"outofstock","10":"shipping-taxable","11":"purchasable","12":"product-type-simple"},"acf":[],"yoast_head":"<!-- This site is optimized with the Yoast SEO plugin v27.3 - https:\/\/yoast.com\/product\/yoast-seo-wordpress\/ -->\n<title>LA SQUADRA DOCUMENT CASE - La Squadra<\/title>\n<meta name=\"description\" content=\"Navy blue document case made of grain leather. Get to know the La Squadra store!\" \/>\n<meta name=\"robots\" content=\"index, follow, max-snippet:-1, max-image-preview:large, max-video-preview:-1\" \/>\n<link rel=\"canonical\" href=\"https:\/\/lasquadra.pl\/en\/produkt\/la-squadra-document-case\/\" \/>\n<meta property=\"og:locale\" content=\"en_US\" \/>\n<meta property=\"og:type\" content=\"article\" \/>\n<meta property=\"og:title\" content=\"LA SQUADRA DOCUMENT CASE - La Squadra\" \/>\n<meta property=\"og:description\" content=\"Navy blue document case made of grain leather. Get to know the La Squadra store!\" \/>\n<meta property=\"og:url\" content=\"https:\/\/lasquadra.pl\/en\/produkt\/la-squadra-document-case\/\" \/>\n<meta property=\"og:site_name\" content=\"La Squadra\" \/>\n<meta property=\"article:modified_time\" content=\"2023-11-22T15:31:57+00:00\" \/>\n<meta property=\"og:image\" content=\"https:\/\/lasquadra.pl\/wp-content\/uploads\/2023\/11\/096A9773-Edit.jpg\" \/>\n\t<meta property=\"og:image:width\" content=\"1433\" \/>\n\t<meta property=\"og:image:height\" content=\"1920\" \/>\n\t<meta property=\"og:image:type\" content=\"image\/jpeg\" \/>\n<meta name=\"twitter:card\" content=\"summary_large_image\" \/>\n<meta name=\"twitter:label1\" content=\"Est. reading time\" \/>\n\t<meta name=\"twitter:data1\" content=\"1 minute\" \/>\n<!-- \/ Yoast SEO plugin. -->","yoast_head_json":{"title":"LA SQUADRA DOCUMENT CASE - La Squadra","description":"Navy blue document case made of grain leather. Get to know the La Squadra store!","robots":{"index":"index","follow":"follow","max-snippet":"max-snippet:-1","max-image-preview":"max-image-preview:large","max-video-preview":"max-video-preview:-1"},"canonical":"https:\/\/lasquadra.pl\/en\/produkt\/la-squadra-document-case\/","og_locale":"en_US","og_type":"article","og_title":"LA SQUADRA DOCUMENT CASE - La Squadra","og_description":"Navy blue document case made of grain leather. Get to know the La Squadra store!","og_url":"https:\/\/lasquadra.pl\/en\/produkt\/la-squadra-document-case\/","og_site_name":"La Squadra","article_modified_time":"2023-11-22T15:31:57+00:00","og_image":[{"width":1433,"height":1920,"url":"https:\/\/lasquadra.pl\/wp-content\/uploads\/2023\/11\/096A9773-Edit.jpg","type":"image\/jpeg"}],"twitter_card":"summary_large_image","twitter_misc":{"Est. reading time":"1 minute"},"schema":{"@context":"https:\/\/schema.org","@graph":[{"@type":"WebPage","@id":"https:\/\/lasquadra.pl\/en\/produkt\/la-squadra-document-case\/","url":"https:\/\/lasquadra.pl\/en\/produkt\/la-squadra-document-case\/","name":"LA SQUADRA DOCUMENT CASE - La Squadra","isPartOf":{"@id":"https:\/\/lasquadra.pl\/en\/#website"},"primaryImageOfPage":{"@id":"https:\/\/lasquadra.pl\/en\/produkt\/la-squadra-document-case\/#primaryimage"},"image":{"@id":"https:\/\/lasquadra.pl\/en\/produkt\/la-squadra-document-case\/#primaryimage"},"thumbnailUrl":"https:\/\/lasquadra.pl\/wp-content\/uploads\/2023\/11\/096A9773-Edit.jpg","datePublished":"2023-11-22T15:28:52+00:00","dateModified":"2023-11-22T15:31:57+00:00","description":"Navy blue document case made of grain leather. Get to know the La Squadra store!","breadcrumb":{"@id":"https:\/\/lasquadra.pl\/en\/produkt\/la-squadra-document-case\/#breadcrumb"},"inLanguage":"en-US","potentialAction":[{"@type":"ReadAction","target":["https:\/\/lasquadra.pl\/en\/produkt\/la-squadra-document-case\/"]}]},{"@type":"ImageObject","inLanguage":"en-US","@id":"https:\/\/lasquadra.pl\/en\/produkt\/la-squadra-document-case\/#primaryimage","url":"https:\/\/lasquadra.pl\/wp-content\/uploads\/2023\/11\/096A9773-Edit.jpg","contentUrl":"https:\/\/lasquadra.pl\/wp-content\/uploads\/2023\/11\/096A9773-Edit.jpg","width":1433,"height":1920,"caption":"Granatowe etui na dokumenty."},{"@type":"BreadcrumbList","@id":"https:\/\/lasquadra.pl\/en\/produkt\/la-squadra-document-case\/#breadcrumb","itemListElement":[{"@type":"ListItem","position":1,"name":"Homepage","item":"https:\/\/lasquadra.pl\/en\/"},{"@type":"ListItem","position":2,"name":"Shop","item":"https:\/\/lasquadra.pl\/en\/shop\/"},{"@type":"ListItem","position":3,"name":"LA SQUADRA DOCUMENT CASE"}]},{"@type":"WebSite","@id":"https:\/\/lasquadra.pl\/en\/#website","url":"https:\/\/lasquadra.pl\/en\/","name":"La Squadra","description":"La Squadra jest wynikiem pracy i pasji grupy entuzjast\u00f3w, zjednoczonych w przekonaniu, \u017ce motoryzacja to u\u017cytkowe dzie\u0142a sztuki zas\u0142uguj\u0105ce na zachowanie dla przysz\u0142ych generacji. Idea ta zosta\u0142a r\u00f3wnie\u017c wyra\u017cona w samej nazwie \u201eLa Squadra\u201d, kt\u00f3ra po w\u0142osku oznacza: \u201ezesp\u00f3\u0142\u201d, \u201edru\u017cyna\u201d.","potentialAction":[{"@type":"SearchAction","target":{"@type":"EntryPoint","urlTemplate":"https:\/\/lasquadra.pl\/en\/?s={search_term_string}"},"query-input":{"@type":"PropertyValueSpecification","valueRequired":true,"valueName":"search_term_string"}}],"inLanguage":"en-US"}]}},"_links":{"self":[{"href":"https:\/\/lasquadra.pl\/en\/wp-json\/wp\/v2\/product\/7541","targetHints":{"allow":["GET"]}}],"collection":[{"href":"https:\/\/lasquadra.pl\/en\/wp-json\/wp\/v2\/product"}],"about":[{"href":"https:\/\/lasquadra.pl\/en\/wp-json\/wp\/v2\/types\/product"}],"replies":[{"embeddable":true,"href":"https:\/\/lasquadra.pl\/en\/wp-json\/wp\/v2\/comments?post=7541"}],"wp:featuredmedia":[{"embeddable":true,"href":"https:\/\/lasquadra.pl\/en\/wp-json\/wp\/v2\/media\/7535"}],"wp:attachment":[{"href":"https:\/\/lasquadra.pl\/en\/wp-json\/wp\/v2\/media?parent=7541"}],"wp:term":[{"taxonomy":"product_brand","embeddable":true,"href":"https:\/\/lasquadra.pl\/en\/wp-json\/wp\/v2\/product_brand?post=7541"},{"taxonomy":"product_cat","embeddable":true,"href":"https:\/\/lasquadra.pl\/en\/wp-json\/wp\/v2\/product_cat?post=7541"},{"taxonomy":"product_tag","embeddable":true,"href":"https:\/\/lasquadra.pl\/en\/wp-json\/wp\/v2\/product_tag?post=7541"}],"curies":[{"name":"wp","href":"https:\/\/api.w.org\/{rel}","templated":true}]}}