{"id":6970,"date":"2023-04-03T13:52:10","date_gmt":"2023-04-03T11:52:10","guid":{"rendered":"https:\/\/lasquadra.pl\/shop\/uncategorized\/no-9-poster-la-squadra\/"},"modified":"2023-10-31T10:09:16","modified_gmt":"2023-10-31T09:09:16","slug":"no-9-plakat-la-squadra","status":"publish","type":"product","link":"https:\/\/lasquadra.pl\/en\/produkt\/no-9-plakat-la-squadra\/","title":{"rendered":"No. 9 Poster La Squadra"},"content":{"rendered":"<p>The poster shows the Maserati MC20 during an expedition to the Owl Mountains<\/p>\n<p>Format: <strong>A0 (841 x 1 189 mm)<\/strong><\/p>\n<p>Author: Filip Blank (<a href=\"https:\/\/www.instagram.com\/filipblank\/\" target=\"_blank\" rel=\"noopener\">@filipblank<\/a>)<\/p>\n","protected":false},"excerpt":{"rendered":"<p>The poster shows the Maserati MC20 during an expedition to the Owl Mountains Format: A0 (841 x 1 189 mm) Author: Filip Blank (@filipblank)<\/p>\n","protected":false},"featured_media":6235,"comment_status":"closed","ping_status":"closed","template":"","meta":{"_acf_changed":false},"product_brand":[],"product_cat":[40],"product_tag":[],"class_list":{"0":"post-6970","1":"product","2":"type-product","3":"status-publish","4":"has-post-thumbnail","6":"product_cat-no-category","8":"first","9":"outofstock","10":"shipping-taxable","11":"purchasable","12":"product-type-simple"},"acf":[],"yoast_head":"<!-- This site is optimized with the Yoast SEO plugin v27.3 - https:\/\/yoast.com\/product\/yoast-seo-wordpress\/ -->\n<title>No. 9 Poster La Squadra - La Squadra<\/title>\n<meta name=\"robots\" content=\"index, follow, max-snippet:-1, max-image-preview:large, max-video-preview:-1\" \/>\n<link rel=\"canonical\" href=\"https:\/\/lasquadra.pl\/en\/produkt\/no-9-plakat-la-squadra\/\" \/>\n<meta property=\"og:locale\" content=\"en_US\" \/>\n<meta property=\"og:type\" content=\"article\" \/>\n<meta property=\"og:title\" content=\"No. 9 Poster La Squadra - La Squadra\" \/>\n<meta property=\"og:description\" content=\"The poster shows the Maserati MC20 during an expedition to the Owl Mountains Format: A0 (841 x 1 189 mm) Author: Filip Blank (@filipblank)\" \/>\n<meta property=\"og:url\" content=\"https:\/\/lasquadra.pl\/en\/produkt\/no-9-plakat-la-squadra\/\" \/>\n<meta property=\"og:site_name\" content=\"La Squadra\" \/>\n<meta property=\"article:modified_time\" content=\"2023-10-31T09:09:16+00:00\" \/>\n<meta property=\"og:image\" content=\"https:\/\/lasquadra.pl\/wp-content\/uploads\/2023\/04\/9.png\" \/>\n\t<meta property=\"og:image:width\" content=\"1920\" \/>\n\t<meta property=\"og:image:height\" content=\"1358\" \/>\n\t<meta property=\"og:image:type\" content=\"image\/png\" \/>\n<meta name=\"twitter:card\" content=\"summary_large_image\" \/>\n<meta name=\"twitter:label1\" content=\"Est. reading time\" \/>\n\t<meta name=\"twitter:data1\" content=\"1 minute\" \/>\n<!-- \/ Yoast SEO plugin. -->","yoast_head_json":{"title":"No. 9 Poster La Squadra - La Squadra","robots":{"index":"index","follow":"follow","max-snippet":"max-snippet:-1","max-image-preview":"max-image-preview:large","max-video-preview":"max-video-preview:-1"},"canonical":"https:\/\/lasquadra.pl\/en\/produkt\/no-9-plakat-la-squadra\/","og_locale":"en_US","og_type":"article","og_title":"No. 9 Poster La Squadra - La Squadra","og_description":"The poster shows the Maserati MC20 during an expedition to the Owl Mountains Format: A0 (841 x 1 189 mm) Author: Filip Blank (@filipblank)","og_url":"https:\/\/lasquadra.pl\/en\/produkt\/no-9-plakat-la-squadra\/","og_site_name":"La Squadra","article_modified_time":"2023-10-31T09:09:16+00:00","og_image":[{"width":1920,"height":1358,"url":"https:\/\/lasquadra.pl\/wp-content\/uploads\/2023\/04\/9.png","type":"image\/png"}],"twitter_card":"summary_large_image","twitter_misc":{"Est. reading time":"1 minute"},"schema":{"@context":"https:\/\/schema.org","@graph":[{"@type":"WebPage","@id":"https:\/\/lasquadra.pl\/en\/produkt\/no-9-plakat-la-squadra\/","url":"https:\/\/lasquadra.pl\/en\/produkt\/no-9-plakat-la-squadra\/","name":"No. 9 Poster La Squadra - La Squadra","isPartOf":{"@id":"https:\/\/lasquadra.pl\/en\/#website"},"primaryImageOfPage":{"@id":"https:\/\/lasquadra.pl\/en\/produkt\/no-9-plakat-la-squadra\/#primaryimage"},"image":{"@id":"https:\/\/lasquadra.pl\/en\/produkt\/no-9-plakat-la-squadra\/#primaryimage"},"thumbnailUrl":"https:\/\/lasquadra.pl\/wp-content\/uploads\/2023\/04\/9.png","datePublished":"2023-04-03T11:52:10+00:00","dateModified":"2023-10-31T09:09:16+00:00","breadcrumb":{"@id":"https:\/\/lasquadra.pl\/en\/produkt\/no-9-plakat-la-squadra\/#breadcrumb"},"inLanguage":"en-US","potentialAction":[{"@type":"ReadAction","target":["https:\/\/lasquadra.pl\/en\/produkt\/no-9-plakat-la-squadra\/"]}]},{"@type":"ImageObject","inLanguage":"en-US","@id":"https:\/\/lasquadra.pl\/en\/produkt\/no-9-plakat-la-squadra\/#primaryimage","url":"https:\/\/lasquadra.pl\/wp-content\/uploads\/2023\/04\/9.png","contentUrl":"https:\/\/lasquadra.pl\/wp-content\/uploads\/2023\/04\/9.png","width":1920,"height":1358},{"@type":"BreadcrumbList","@id":"https:\/\/lasquadra.pl\/en\/produkt\/no-9-plakat-la-squadra\/#breadcrumb","itemListElement":[{"@type":"ListItem","position":1,"name":"Homepage","item":"https:\/\/lasquadra.pl\/en\/"},{"@type":"ListItem","position":2,"name":"Shop","item":"https:\/\/lasquadra.pl\/en\/shop\/"},{"@type":"ListItem","position":3,"name":"No. 9 Poster La Squadra"}]},{"@type":"WebSite","@id":"https:\/\/lasquadra.pl\/en\/#website","url":"https:\/\/lasquadra.pl\/en\/","name":"La Squadra","description":"La Squadra jest wynikiem pracy i pasji grupy entuzjast\u00f3w, zjednoczonych w przekonaniu, \u017ce motoryzacja to u\u017cytkowe dzie\u0142a sztuki zas\u0142uguj\u0105ce na zachowanie dla przysz\u0142ych generacji. Idea ta zosta\u0142a r\u00f3wnie\u017c wyra\u017cona w samej nazwie \u201eLa Squadra\u201d, kt\u00f3ra po w\u0142osku oznacza: \u201ezesp\u00f3\u0142\u201d, \u201edru\u017cyna\u201d.","potentialAction":[{"@type":"SearchAction","target":{"@type":"EntryPoint","urlTemplate":"https:\/\/lasquadra.pl\/en\/?s={search_term_string}"},"query-input":{"@type":"PropertyValueSpecification","valueRequired":true,"valueName":"search_term_string"}}],"inLanguage":"en-US"}]}},"_links":{"self":[{"href":"https:\/\/lasquadra.pl\/en\/wp-json\/wp\/v2\/product\/6970","targetHints":{"allow":["GET"]}}],"collection":[{"href":"https:\/\/lasquadra.pl\/en\/wp-json\/wp\/v2\/product"}],"about":[{"href":"https:\/\/lasquadra.pl\/en\/wp-json\/wp\/v2\/types\/product"}],"replies":[{"embeddable":true,"href":"https:\/\/lasquadra.pl\/en\/wp-json\/wp\/v2\/comments?post=6970"}],"wp:featuredmedia":[{"embeddable":true,"href":"https:\/\/lasquadra.pl\/en\/wp-json\/wp\/v2\/media\/6235"}],"wp:attachment":[{"href":"https:\/\/lasquadra.pl\/en\/wp-json\/wp\/v2\/media?parent=6970"}],"wp:term":[{"taxonomy":"product_brand","embeddable":true,"href":"https:\/\/lasquadra.pl\/en\/wp-json\/wp\/v2\/product_brand?post=6970"},{"taxonomy":"product_cat","embeddable":true,"href":"https:\/\/lasquadra.pl\/en\/wp-json\/wp\/v2\/product_cat?post=6970"},{"taxonomy":"product_tag","embeddable":true,"href":"https:\/\/lasquadra.pl\/en\/wp-json\/wp\/v2\/product_tag?post=6970"}],"curies":[{"name":"wp","href":"https:\/\/api.w.org\/{rel}","templated":true}]}}