{"id":6505,"date":"2023-05-23T13:30:46","date_gmt":"2023-05-23T11:30:46","guid":{"rendered":"https:\/\/lasquadra.pl\/shop\/uncategorized\/la-squadra-magazine-issue-12\/"},"modified":"2023-03-23T13:30:46","modified_gmt":"2023-03-23T12:30:46","slug":"la-squadra-magazine-issue-12","status":"publish","type":"product","link":"https:\/\/lasquadra.pl\/en\/produkt\/la-squadra-magazine-issue-12\/","title":{"rendered":"La Squadra Magazine issue #12"},"content":{"rendered":"<p>In the twelfth issue of La Squadra magazine, you will read, among other things, about the unique Ferrari Roma Tailor Made Inspired by Ferrari 250 GT SWB #2119 GT, the Maserati MC20 mountain expedition and the Keep The Value programme for car value retention.<\/p>\n","protected":false},"excerpt":{"rendered":"<p>In the twelfth issue of La Squadra magazine, you will read, among other things, about the unique Ferrari Roma Tailor Made Inspired by Ferrari 250 GT SWB #2119 GT, the Maserati MC20 mountain expedition and the Keep The Value programme for car value retention.<\/p>\n","protected":false},"featured_media":5951,"comment_status":"closed","ping_status":"closed","template":"","meta":{"_acf_changed":false},"product_brand":[],"product_cat":[48],"product_tag":[],"class_list":{"0":"post-6505","1":"product","2":"type-product","3":"status-publish","4":"has-post-thumbnail","6":"product_cat-magazines","8":"first","9":"instock","10":"shipping-taxable","11":"purchasable","12":"product-type-simple"},"acf":[],"yoast_head":"<!-- This site is optimized with the Yoast SEO plugin v27.5 - https:\/\/yoast.com\/product\/yoast-seo-wordpress\/ -->\n<title>La Squadra Magazine issue #12 - La Squadra<\/title>\n<meta name=\"robots\" content=\"index, follow, max-snippet:-1, max-image-preview:large, max-video-preview:-1\" \/>\n<link rel=\"canonical\" href=\"https:\/\/lasquadra.pl\/en\/produkt\/la-squadra-magazine-issue-12\/\" \/>\n<meta property=\"og:locale\" content=\"en_US\" \/>\n<meta property=\"og:type\" content=\"article\" \/>\n<meta property=\"og:title\" content=\"La Squadra Magazine issue #12 - La Squadra\" \/>\n<meta property=\"og:description\" content=\"In the twelfth issue of La Squadra magazine, you will read, among other things, about the unique Ferrari Roma Tailor Made Inspired by Ferrari 250 GT SWB #2119 GT, the Maserati MC20 mountain expedition and the Keep The Value programme for car value retention.\" \/>\n<meta property=\"og:url\" content=\"https:\/\/lasquadra.pl\/en\/produkt\/la-squadra-magazine-issue-12\/\" \/>\n<meta property=\"og:site_name\" content=\"La Squadra\" \/>\n<meta property=\"og:image\" content=\"https:\/\/lasquadra.pl\/wp-content\/uploads\/2023\/03\/LaSquadra-4.jpg\" \/>\n\t<meta property=\"og:image:width\" content=\"1000\" \/>\n\t<meta property=\"og:image:height\" content=\"1000\" \/>\n\t<meta property=\"og:image:type\" content=\"image\/jpeg\" \/>\n<meta name=\"twitter:card\" content=\"summary_large_image\" \/>\n<!-- \/ Yoast SEO plugin. -->","yoast_head_json":{"title":"La Squadra Magazine issue #12 - La Squadra","robots":{"index":"index","follow":"follow","max-snippet":"max-snippet:-1","max-image-preview":"max-image-preview:large","max-video-preview":"max-video-preview:-1"},"canonical":"https:\/\/lasquadra.pl\/en\/produkt\/la-squadra-magazine-issue-12\/","og_locale":"en_US","og_type":"article","og_title":"La Squadra Magazine issue #12 - La Squadra","og_description":"In the twelfth issue of La Squadra magazine, you will read, among other things, about the unique Ferrari Roma Tailor Made Inspired by Ferrari 250 GT SWB #2119 GT, the Maserati MC20 mountain expedition and the Keep The Value programme for car value retention.","og_url":"https:\/\/lasquadra.pl\/en\/produkt\/la-squadra-magazine-issue-12\/","og_site_name":"La Squadra","og_image":[{"width":1000,"height":1000,"url":"https:\/\/lasquadra.pl\/wp-content\/uploads\/2023\/03\/LaSquadra-4.jpg","type":"image\/jpeg"}],"twitter_card":"summary_large_image","schema":{"@context":"https:\/\/schema.org","@graph":[{"@type":"WebPage","@id":"https:\/\/lasquadra.pl\/en\/produkt\/la-squadra-magazine-issue-12\/","url":"https:\/\/lasquadra.pl\/en\/produkt\/la-squadra-magazine-issue-12\/","name":"La Squadra Magazine issue #12 - La Squadra","isPartOf":{"@id":"https:\/\/lasquadra.pl\/en\/#website"},"primaryImageOfPage":{"@id":"https:\/\/lasquadra.pl\/en\/produkt\/la-squadra-magazine-issue-12\/#primaryimage"},"image":{"@id":"https:\/\/lasquadra.pl\/en\/produkt\/la-squadra-magazine-issue-12\/#primaryimage"},"thumbnailUrl":"https:\/\/lasquadra.pl\/wp-content\/uploads\/2023\/03\/LaSquadra-4.jpg","datePublished":"2023-05-23T11:30:46+00:00","breadcrumb":{"@id":"https:\/\/lasquadra.pl\/en\/produkt\/la-squadra-magazine-issue-12\/#breadcrumb"},"inLanguage":"en-US","potentialAction":[{"@type":"ReadAction","target":["https:\/\/lasquadra.pl\/en\/produkt\/la-squadra-magazine-issue-12\/"]}]},{"@type":"ImageObject","inLanguage":"en-US","@id":"https:\/\/lasquadra.pl\/en\/produkt\/la-squadra-magazine-issue-12\/#primaryimage","url":"https:\/\/lasquadra.pl\/wp-content\/uploads\/2023\/03\/LaSquadra-4.jpg","contentUrl":"https:\/\/lasquadra.pl\/wp-content\/uploads\/2023\/03\/LaSquadra-4.jpg","width":1000,"height":1000},{"@type":"BreadcrumbList","@id":"https:\/\/lasquadra.pl\/en\/produkt\/la-squadra-magazine-issue-12\/#breadcrumb","itemListElement":[{"@type":"ListItem","position":1,"name":"Homepage","item":"https:\/\/lasquadra.pl\/en\/"},{"@type":"ListItem","position":2,"name":"Shop","item":"https:\/\/lasquadra.pl\/en\/shop\/"},{"@type":"ListItem","position":3,"name":"La Squadra Magazine issue #12"}]},{"@type":"WebSite","@id":"https:\/\/lasquadra.pl\/en\/#website","url":"https:\/\/lasquadra.pl\/en\/","name":"La Squadra","description":"La Squadra jest wynikiem pracy i pasji grupy entuzjast\u00f3w, zjednoczonych w przekonaniu, \u017ce motoryzacja to u\u017cytkowe dzie\u0142a sztuki zas\u0142uguj\u0105ce na zachowanie dla przysz\u0142ych generacji. Idea ta zosta\u0142a r\u00f3wnie\u017c wyra\u017cona w samej nazwie \u201eLa Squadra\u201d, kt\u00f3ra po w\u0142osku oznacza: \u201ezesp\u00f3\u0142\u201d, \u201edru\u017cyna\u201d.","potentialAction":[{"@type":"SearchAction","target":{"@type":"EntryPoint","urlTemplate":"https:\/\/lasquadra.pl\/en\/?s={search_term_string}"},"query-input":{"@type":"PropertyValueSpecification","valueRequired":true,"valueName":"search_term_string"}}],"inLanguage":"en-US"}]}},"_links":{"self":[{"href":"https:\/\/lasquadra.pl\/en\/wp-json\/wp\/v2\/product\/6505","targetHints":{"allow":["GET"]}}],"collection":[{"href":"https:\/\/lasquadra.pl\/en\/wp-json\/wp\/v2\/product"}],"about":[{"href":"https:\/\/lasquadra.pl\/en\/wp-json\/wp\/v2\/types\/product"}],"replies":[{"embeddable":true,"href":"https:\/\/lasquadra.pl\/en\/wp-json\/wp\/v2\/comments?post=6505"}],"wp:featuredmedia":[{"embeddable":true,"href":"https:\/\/lasquadra.pl\/en\/wp-json\/wp\/v2\/media\/5951"}],"wp:attachment":[{"href":"https:\/\/lasquadra.pl\/en\/wp-json\/wp\/v2\/media?parent=6505"}],"wp:term":[{"taxonomy":"product_brand","embeddable":true,"href":"https:\/\/lasquadra.pl\/en\/wp-json\/wp\/v2\/product_brand?post=6505"},{"taxonomy":"product_cat","embeddable":true,"href":"https:\/\/lasquadra.pl\/en\/wp-json\/wp\/v2\/product_cat?post=6505"},{"taxonomy":"product_tag","embeddable":true,"href":"https:\/\/lasquadra.pl\/en\/wp-json\/wp\/v2\/product_tag?post=6505"}],"curies":[{"name":"wp","href":"https:\/\/api.w.org\/{rel}","templated":true}]}}