{"id":6495,"date":"2023-02-16T14:48:18","date_gmt":"2023-02-16T13:48:18","guid":{"rendered":"https:\/\/lasquadra.pl\/shop\/uncategorized\/la-squadra-mug\/"},"modified":"2023-11-24T13:15:44","modified_gmt":"2023-11-24T12:15:44","slug":"la-squadra-mug","status":"publish","type":"product","link":"https:\/\/lasquadra.pl\/en\/produkt\/la-squadra-mug\/","title":{"rendered":"La Squadra mug with"},"content":{"rendered":"<p><span style=\"font-weight: 400\">A navy blue, ceramic mug with La Squadra logo and a silhouette of the iconic Ferrari F40. Who wouldn&#8217;t want to start the day with a cup of delicious coffee in the company of the iconic F40?<\/span><\/p>\n<p id=\"tw-target-text\" class=\"tw-data-text tw-text-large tw-ta\" dir=\"ltr\" data-placeholder=\"T\u0142umaczenie\" data-ved=\"2ahUKEwjMgrmHw9yCAxVKa_EDHSFHCooQ3ewLegQIARAQ\"><span class=\"Y2IQFc\" lang=\"en\">The mug is packed in a decorative package.<\/span><\/p>\n","protected":false},"excerpt":{"rendered":"<p>La Squadra mug<\/p>\n","protected":false},"featured_media":7575,"comment_status":"closed","ping_status":"closed","template":"","meta":{"_acf_changed":false},"product_brand":[],"product_cat":[49],"product_tag":[],"class_list":{"0":"post-6495","1":"product","2":"type-product","3":"status-publish","4":"has-post-thumbnail","6":"product_cat-accessories","8":"first","9":"outofstock","10":"shipping-taxable","11":"purchasable","12":"product-type-simple"},"acf":[],"yoast_head":"<!-- This site is optimized with the Yoast SEO plugin v27.3 - https:\/\/yoast.com\/product\/yoast-seo-wordpress\/ -->\n<title>La Squadra mug with - La Squadra<\/title>\n<meta name=\"description\" content=\"A navy blue, ceramic mug with La Squadra logo and a silhouette of the iconic Ferrari F40. The perfect gift for a fan of Italian cars.\" \/>\n<meta name=\"robots\" content=\"index, follow, max-snippet:-1, max-image-preview:large, max-video-preview:-1\" \/>\n<link rel=\"canonical\" href=\"https:\/\/lasquadra.pl\/en\/produkt\/la-squadra-mug\/\" \/>\n<meta property=\"og:locale\" content=\"en_US\" \/>\n<meta property=\"og:type\" content=\"article\" \/>\n<meta property=\"og:title\" content=\"La Squadra mug with - La Squadra\" \/>\n<meta property=\"og:description\" content=\"A navy blue, ceramic mug with La Squadra logo and a silhouette of the iconic Ferrari F40. The perfect gift for a fan of Italian cars.\" \/>\n<meta property=\"og:url\" content=\"https:\/\/lasquadra.pl\/en\/produkt\/la-squadra-mug\/\" \/>\n<meta property=\"og:site_name\" content=\"La Squadra\" \/>\n<meta property=\"article:modified_time\" content=\"2023-11-24T12:15:44+00:00\" \/>\n<meta property=\"og:image\" content=\"https:\/\/lasquadra.pl\/wp-content\/uploads\/2023\/02\/096A9815-Edit-842x1024.jpg\" \/>\n\t<meta property=\"og:image:width\" content=\"842\" \/>\n\t<meta property=\"og:image:height\" content=\"1024\" \/>\n\t<meta property=\"og:image:type\" content=\"image\/jpeg\" \/>\n<meta name=\"twitter:card\" content=\"summary_large_image\" \/>\n<meta name=\"twitter:label1\" content=\"Est. reading time\" \/>\n\t<meta name=\"twitter:data1\" content=\"1 minute\" \/>\n<!-- \/ Yoast SEO plugin. -->","yoast_head_json":{"title":"La Squadra mug with - La Squadra","description":"A navy blue, ceramic mug with La Squadra logo and a silhouette of the iconic Ferrari F40. The perfect gift for a fan of Italian cars.","robots":{"index":"index","follow":"follow","max-snippet":"max-snippet:-1","max-image-preview":"max-image-preview:large","max-video-preview":"max-video-preview:-1"},"canonical":"https:\/\/lasquadra.pl\/en\/produkt\/la-squadra-mug\/","og_locale":"en_US","og_type":"article","og_title":"La Squadra mug with - La Squadra","og_description":"A navy blue, ceramic mug with La Squadra logo and a silhouette of the iconic Ferrari F40. The perfect gift for a fan of Italian cars.","og_url":"https:\/\/lasquadra.pl\/en\/produkt\/la-squadra-mug\/","og_site_name":"La Squadra","article_modified_time":"2023-11-24T12:15:44+00:00","og_image":[{"width":842,"height":1024,"url":"https:\/\/lasquadra.pl\/wp-content\/uploads\/2023\/02\/096A9815-Edit-842x1024.jpg","type":"image\/jpeg"}],"twitter_card":"summary_large_image","twitter_misc":{"Est. reading time":"1 minute"},"schema":{"@context":"https:\/\/schema.org","@graph":[{"@type":"WebPage","@id":"https:\/\/lasquadra.pl\/en\/produkt\/la-squadra-mug\/","url":"https:\/\/lasquadra.pl\/en\/produkt\/la-squadra-mug\/","name":"La Squadra mug with - La Squadra","isPartOf":{"@id":"https:\/\/lasquadra.pl\/en\/#website"},"primaryImageOfPage":{"@id":"https:\/\/lasquadra.pl\/en\/produkt\/la-squadra-mug\/#primaryimage"},"image":{"@id":"https:\/\/lasquadra.pl\/en\/produkt\/la-squadra-mug\/#primaryimage"},"thumbnailUrl":"https:\/\/lasquadra.pl\/wp-content\/uploads\/2023\/02\/096A9815-Edit.jpg","datePublished":"2023-02-16T13:48:18+00:00","dateModified":"2023-11-24T12:15:44+00:00","description":"A navy blue, ceramic mug with La Squadra logo and a silhouette of the iconic Ferrari F40. The perfect gift for a fan of Italian cars.","breadcrumb":{"@id":"https:\/\/lasquadra.pl\/en\/produkt\/la-squadra-mug\/#breadcrumb"},"inLanguage":"en-US","potentialAction":[{"@type":"ReadAction","target":["https:\/\/lasquadra.pl\/en\/produkt\/la-squadra-mug\/"]}]},{"@type":"ImageObject","inLanguage":"en-US","@id":"https:\/\/lasquadra.pl\/en\/produkt\/la-squadra-mug\/#primaryimage","url":"https:\/\/lasquadra.pl\/wp-content\/uploads\/2023\/02\/096A9815-Edit.jpg","contentUrl":"https:\/\/lasquadra.pl\/wp-content\/uploads\/2023\/02\/096A9815-Edit.jpg","width":1525,"height":1855},{"@type":"BreadcrumbList","@id":"https:\/\/lasquadra.pl\/en\/produkt\/la-squadra-mug\/#breadcrumb","itemListElement":[{"@type":"ListItem","position":1,"name":"Homepage","item":"https:\/\/lasquadra.pl\/en\/"},{"@type":"ListItem","position":2,"name":"Shop","item":"https:\/\/lasquadra.pl\/en\/shop\/"},{"@type":"ListItem","position":3,"name":"La Squadra mug with"}]},{"@type":"WebSite","@id":"https:\/\/lasquadra.pl\/en\/#website","url":"https:\/\/lasquadra.pl\/en\/","name":"La Squadra","description":"La Squadra jest wynikiem pracy i pasji grupy entuzjast\u00f3w, zjednoczonych w przekonaniu, \u017ce motoryzacja to u\u017cytkowe dzie\u0142a sztuki zas\u0142uguj\u0105ce na zachowanie dla przysz\u0142ych generacji. Idea ta zosta\u0142a r\u00f3wnie\u017c wyra\u017cona w samej nazwie \u201eLa Squadra\u201d, kt\u00f3ra po w\u0142osku oznacza: \u201ezesp\u00f3\u0142\u201d, \u201edru\u017cyna\u201d.","potentialAction":[{"@type":"SearchAction","target":{"@type":"EntryPoint","urlTemplate":"https:\/\/lasquadra.pl\/en\/?s={search_term_string}"},"query-input":{"@type":"PropertyValueSpecification","valueRequired":true,"valueName":"search_term_string"}}],"inLanguage":"en-US"}]}},"_links":{"self":[{"href":"https:\/\/lasquadra.pl\/en\/wp-json\/wp\/v2\/product\/6495","targetHints":{"allow":["GET"]}}],"collection":[{"href":"https:\/\/lasquadra.pl\/en\/wp-json\/wp\/v2\/product"}],"about":[{"href":"https:\/\/lasquadra.pl\/en\/wp-json\/wp\/v2\/types\/product"}],"replies":[{"embeddable":true,"href":"https:\/\/lasquadra.pl\/en\/wp-json\/wp\/v2\/comments?post=6495"}],"wp:featuredmedia":[{"embeddable":true,"href":"https:\/\/lasquadra.pl\/en\/wp-json\/wp\/v2\/media\/7575"}],"wp:attachment":[{"href":"https:\/\/lasquadra.pl\/en\/wp-json\/wp\/v2\/media?parent=6495"}],"wp:term":[{"taxonomy":"product_brand","embeddable":true,"href":"https:\/\/lasquadra.pl\/en\/wp-json\/wp\/v2\/product_brand?post=6495"},{"taxonomy":"product_cat","embeddable":true,"href":"https:\/\/lasquadra.pl\/en\/wp-json\/wp\/v2\/product_cat?post=6495"},{"taxonomy":"product_tag","embeddable":true,"href":"https:\/\/lasquadra.pl\/en\/wp-json\/wp\/v2\/product_tag?post=6495"}],"curies":[{"name":"wp","href":"https:\/\/api.w.org\/{rel}","templated":true}]}}