{"id":6448,"date":"2023-02-20T09:16:53","date_gmt":"2023-02-20T08:16:53","guid":{"rendered":"https:\/\/lasquadra.pl\/shop\/uncategorized\/millie-miglia-flannel-shirt\/"},"modified":"2023-06-05T15:43:47","modified_gmt":"2023-06-05T13:43:47","slug":"millie-miglia-flannel-shirt","status":"publish","type":"product","link":"https:\/\/lasquadra.pl\/en\/produkt\/millie-miglia-flannel-shirt\/","title":{"rendered":"Millie Miglia flannel shirt"},"content":{"rendered":"<p>Mille Miglia. This race needs no introduction to any petrolhead. From 1927 to 1957, Italy hosted the most extraordinary race in automotive history. The race took place on public roads from Brescia to Rome and back for a total of one thousand miles &#8211; hence its name. The La Squadra crew has already had the opportunity to participate in the event accompanying the Mille Miglia Ferrari Tirbute twice, so in order to commemorate the incredible atmosphere and spirit of the race, we decided to design this flannel shirt. For the curious, the first shirts travelled with the participants all the way to this year&#8217;s Mille Miglia Ferrari Tribute rally!<\/p>\n","protected":false},"excerpt":{"rendered":"<p>Millie Miglia flannel shirt<\/p>\n","protected":false},"featured_media":6136,"comment_status":"closed","ping_status":"closed","template":"","meta":{"_acf_changed":false},"product_brand":[],"product_cat":[46],"product_tag":[],"class_list":{"0":"post-6448","1":"product","2":"type-product","3":"status-publish","4":"has-post-thumbnail","6":"product_cat-clothes","8":"first","9":"instock","10":"shipping-taxable","11":"purchasable","12":"product-type-variable"},"acf":[],"yoast_head":"<!-- This site is optimized with the Yoast SEO plugin v27.5 - https:\/\/yoast.com\/product\/yoast-seo-wordpress\/ -->\n<title>Millie Miglia flannel shirt - La Squadra<\/title>\n<meta name=\"robots\" content=\"index, follow, max-snippet:-1, max-image-preview:large, max-video-preview:-1\" \/>\n<link rel=\"canonical\" href=\"https:\/\/lasquadra.pl\/en\/produkt\/millie-miglia-flannel-shirt\/\" \/>\n<meta property=\"og:locale\" content=\"en_US\" \/>\n<meta property=\"og:type\" content=\"article\" \/>\n<meta property=\"og:title\" content=\"Millie Miglia flannel shirt - La Squadra\" \/>\n<meta property=\"og:description\" content=\"Millie Miglia flannel shirt\" \/>\n<meta property=\"og:url\" content=\"https:\/\/lasquadra.pl\/en\/produkt\/millie-miglia-flannel-shirt\/\" \/>\n<meta property=\"og:site_name\" content=\"La Squadra\" \/>\n<meta property=\"article:modified_time\" content=\"2023-06-05T13:43:47+00:00\" \/>\n<meta property=\"og:image\" content=\"https:\/\/lasquadra.pl\/wp-content\/uploads\/2023\/02\/DSC_0733.jpg\" \/>\n\t<meta property=\"og:image:width\" content=\"1280\" \/>\n\t<meta property=\"og:image:height\" content=\"1920\" \/>\n\t<meta property=\"og:image:type\" content=\"image\/jpeg\" \/>\n<meta name=\"twitter:card\" content=\"summary_large_image\" \/>\n<meta name=\"twitter:label1\" content=\"Est. reading time\" \/>\n\t<meta name=\"twitter:data1\" content=\"1 minute\" \/>\n<!-- \/ Yoast SEO plugin. -->","yoast_head_json":{"title":"Millie Miglia flannel shirt - La Squadra","robots":{"index":"index","follow":"follow","max-snippet":"max-snippet:-1","max-image-preview":"max-image-preview:large","max-video-preview":"max-video-preview:-1"},"canonical":"https:\/\/lasquadra.pl\/en\/produkt\/millie-miglia-flannel-shirt\/","og_locale":"en_US","og_type":"article","og_title":"Millie Miglia flannel shirt - La Squadra","og_description":"Millie Miglia flannel shirt","og_url":"https:\/\/lasquadra.pl\/en\/produkt\/millie-miglia-flannel-shirt\/","og_site_name":"La Squadra","article_modified_time":"2023-06-05T13:43:47+00:00","og_image":[{"width":1280,"height":1920,"url":"https:\/\/lasquadra.pl\/wp-content\/uploads\/2023\/02\/DSC_0733.jpg","type":"image\/jpeg"}],"twitter_card":"summary_large_image","twitter_misc":{"Est. reading time":"1 minute"},"schema":{"@context":"https:\/\/schema.org","@graph":[{"@type":"WebPage","@id":"https:\/\/lasquadra.pl\/en\/produkt\/millie-miglia-flannel-shirt\/","url":"https:\/\/lasquadra.pl\/en\/produkt\/millie-miglia-flannel-shirt\/","name":"Millie Miglia flannel shirt - La Squadra","isPartOf":{"@id":"https:\/\/lasquadra.pl\/en\/#website"},"primaryImageOfPage":{"@id":"https:\/\/lasquadra.pl\/en\/produkt\/millie-miglia-flannel-shirt\/#primaryimage"},"image":{"@id":"https:\/\/lasquadra.pl\/en\/produkt\/millie-miglia-flannel-shirt\/#primaryimage"},"thumbnailUrl":"https:\/\/lasquadra.pl\/wp-content\/uploads\/2023\/02\/DSC_0733.jpg","datePublished":"2023-02-20T08:16:53+00:00","dateModified":"2023-06-05T13:43:47+00:00","breadcrumb":{"@id":"https:\/\/lasquadra.pl\/en\/produkt\/millie-miglia-flannel-shirt\/#breadcrumb"},"inLanguage":"en-US","potentialAction":[{"@type":"ReadAction","target":["https:\/\/lasquadra.pl\/en\/produkt\/millie-miglia-flannel-shirt\/"]}]},{"@type":"ImageObject","inLanguage":"en-US","@id":"https:\/\/lasquadra.pl\/en\/produkt\/millie-miglia-flannel-shirt\/#primaryimage","url":"https:\/\/lasquadra.pl\/wp-content\/uploads\/2023\/02\/DSC_0733.jpg","contentUrl":"https:\/\/lasquadra.pl\/wp-content\/uploads\/2023\/02\/DSC_0733.jpg","width":1280,"height":1920},{"@type":"BreadcrumbList","@id":"https:\/\/lasquadra.pl\/en\/produkt\/millie-miglia-flannel-shirt\/#breadcrumb","itemListElement":[{"@type":"ListItem","position":1,"name":"Homepage","item":"https:\/\/lasquadra.pl\/en\/"},{"@type":"ListItem","position":2,"name":"Shop","item":"https:\/\/lasquadra.pl\/en\/shop\/"},{"@type":"ListItem","position":3,"name":"Millie Miglia flannel shirt"}]},{"@type":"WebSite","@id":"https:\/\/lasquadra.pl\/en\/#website","url":"https:\/\/lasquadra.pl\/en\/","name":"La Squadra","description":"La Squadra jest wynikiem pracy i pasji grupy entuzjast\u00f3w, zjednoczonych w przekonaniu, \u017ce motoryzacja to u\u017cytkowe dzie\u0142a sztuki zas\u0142uguj\u0105ce na zachowanie dla przysz\u0142ych generacji. Idea ta zosta\u0142a r\u00f3wnie\u017c wyra\u017cona w samej nazwie \u201eLa Squadra\u201d, kt\u00f3ra po w\u0142osku oznacza: \u201ezesp\u00f3\u0142\u201d, \u201edru\u017cyna\u201d.","potentialAction":[{"@type":"SearchAction","target":{"@type":"EntryPoint","urlTemplate":"https:\/\/lasquadra.pl\/en\/?s={search_term_string}"},"query-input":{"@type":"PropertyValueSpecification","valueRequired":true,"valueName":"search_term_string"}}],"inLanguage":"en-US"}]}},"_links":{"self":[{"href":"https:\/\/lasquadra.pl\/en\/wp-json\/wp\/v2\/product\/6448","targetHints":{"allow":["GET"]}}],"collection":[{"href":"https:\/\/lasquadra.pl\/en\/wp-json\/wp\/v2\/product"}],"about":[{"href":"https:\/\/lasquadra.pl\/en\/wp-json\/wp\/v2\/types\/product"}],"replies":[{"embeddable":true,"href":"https:\/\/lasquadra.pl\/en\/wp-json\/wp\/v2\/comments?post=6448"}],"wp:featuredmedia":[{"embeddable":true,"href":"https:\/\/lasquadra.pl\/en\/wp-json\/wp\/v2\/media\/6136"}],"wp:attachment":[{"href":"https:\/\/lasquadra.pl\/en\/wp-json\/wp\/v2\/media?parent=6448"}],"wp:term":[{"taxonomy":"product_brand","embeddable":true,"href":"https:\/\/lasquadra.pl\/en\/wp-json\/wp\/v2\/product_brand?post=6448"},{"taxonomy":"product_cat","embeddable":true,"href":"https:\/\/lasquadra.pl\/en\/wp-json\/wp\/v2\/product_cat?post=6448"},{"taxonomy":"product_tag","embeddable":true,"href":"https:\/\/lasquadra.pl\/en\/wp-json\/wp\/v2\/product_tag?post=6448"}],"curies":[{"name":"wp","href":"https:\/\/api.w.org\/{rel}","templated":true}]}}