{"id":6441,"date":"2023-02-20T09:18:04","date_gmt":"2023-02-20T08:18:04","guid":{"rendered":"https:\/\/lasquadra.pl\/shop\/uncategorized\/f40-sweatshirt\/"},"modified":"2023-06-05T15:28:01","modified_gmt":"2023-06-05T13:28:01","slug":"f40-sweatshirt","status":"publish","type":"product","link":"https:\/\/lasquadra.pl\/en\/produkt\/f40-sweatshirt\/","title":{"rendered":"F40 sweatshirt"},"content":{"rendered":"<p>The sweatshirt was designed as a tribute to the legendary Ferrari F40. A model that became an icon of the 90s and could be seen on posters in almost every teenager&#8217;s room. The car&#8217;s futuristic design and the sound of the 2.9-litre V8 Twin Turbo engine hidden under the bonnet still send shivers down the spine. Ferrari F40, with a total of 1,315 models produced, dates back to 1990. One of the cars joined our La Squadra gallery, and became the protagonist of the graphic featured on the sweatshirt.<\/p>\n","protected":false},"excerpt":{"rendered":"<p>F40 sweatshirt<\/p>\n","protected":false},"featured_media":6128,"comment_status":"closed","ping_status":"closed","template":"","meta":{"_acf_changed":false},"product_brand":[],"product_cat":[46],"product_tag":[],"class_list":{"0":"post-6441","1":"product","2":"type-product","3":"status-publish","4":"has-post-thumbnail","6":"product_cat-clothes","8":"first","9":"instock","10":"shipping-taxable","11":"purchasable","12":"product-type-variable","13":"has-default-attributes"},"acf":[],"yoast_head":"<!-- This site is optimized with the Yoast SEO plugin v27.3 - https:\/\/yoast.com\/product\/yoast-seo-wordpress\/ -->\n<title>F40 sweatshirt - La Squadra<\/title>\n<meta name=\"robots\" content=\"index, follow, max-snippet:-1, max-image-preview:large, max-video-preview:-1\" \/>\n<link rel=\"canonical\" href=\"https:\/\/lasquadra.pl\/en\/produkt\/f40-sweatshirt\/\" \/>\n<meta property=\"og:locale\" content=\"en_US\" \/>\n<meta property=\"og:type\" content=\"article\" \/>\n<meta property=\"og:title\" content=\"F40 sweatshirt - La Squadra\" \/>\n<meta property=\"og:description\" content=\"F40 sweatshirt\" \/>\n<meta property=\"og:url\" content=\"https:\/\/lasquadra.pl\/en\/produkt\/f40-sweatshirt\/\" \/>\n<meta property=\"og:site_name\" content=\"La Squadra\" \/>\n<meta property=\"article:modified_time\" content=\"2023-06-05T13:28:01+00:00\" \/>\n<meta property=\"og:image\" content=\"https:\/\/lasquadra.pl\/wp-content\/uploads\/2023\/02\/DSC_1197.jpg\" \/>\n\t<meta property=\"og:image:width\" content=\"1280\" \/>\n\t<meta property=\"og:image:height\" content=\"1920\" \/>\n\t<meta property=\"og:image:type\" content=\"image\/jpeg\" \/>\n<meta name=\"twitter:card\" content=\"summary_large_image\" \/>\n<meta name=\"twitter:label1\" content=\"Est. reading time\" \/>\n\t<meta name=\"twitter:data1\" content=\"1 minute\" \/>\n<!-- \/ Yoast SEO plugin. -->","yoast_head_json":{"title":"F40 sweatshirt - La Squadra","robots":{"index":"index","follow":"follow","max-snippet":"max-snippet:-1","max-image-preview":"max-image-preview:large","max-video-preview":"max-video-preview:-1"},"canonical":"https:\/\/lasquadra.pl\/en\/produkt\/f40-sweatshirt\/","og_locale":"en_US","og_type":"article","og_title":"F40 sweatshirt - La Squadra","og_description":"F40 sweatshirt","og_url":"https:\/\/lasquadra.pl\/en\/produkt\/f40-sweatshirt\/","og_site_name":"La Squadra","article_modified_time":"2023-06-05T13:28:01+00:00","og_image":[{"width":1280,"height":1920,"url":"https:\/\/lasquadra.pl\/wp-content\/uploads\/2023\/02\/DSC_1197.jpg","type":"image\/jpeg"}],"twitter_card":"summary_large_image","twitter_misc":{"Est. reading time":"1 minute"},"schema":{"@context":"https:\/\/schema.org","@graph":[{"@type":"WebPage","@id":"https:\/\/lasquadra.pl\/en\/produkt\/f40-sweatshirt\/","url":"https:\/\/lasquadra.pl\/en\/produkt\/f40-sweatshirt\/","name":"F40 sweatshirt - La Squadra","isPartOf":{"@id":"https:\/\/lasquadra.pl\/en\/#website"},"primaryImageOfPage":{"@id":"https:\/\/lasquadra.pl\/en\/produkt\/f40-sweatshirt\/#primaryimage"},"image":{"@id":"https:\/\/lasquadra.pl\/en\/produkt\/f40-sweatshirt\/#primaryimage"},"thumbnailUrl":"https:\/\/lasquadra.pl\/wp-content\/uploads\/2023\/02\/DSC_1197.jpg","datePublished":"2023-02-20T08:18:04+00:00","dateModified":"2023-06-05T13:28:01+00:00","breadcrumb":{"@id":"https:\/\/lasquadra.pl\/en\/produkt\/f40-sweatshirt\/#breadcrumb"},"inLanguage":"en-US","potentialAction":[{"@type":"ReadAction","target":["https:\/\/lasquadra.pl\/en\/produkt\/f40-sweatshirt\/"]}]},{"@type":"ImageObject","inLanguage":"en-US","@id":"https:\/\/lasquadra.pl\/en\/produkt\/f40-sweatshirt\/#primaryimage","url":"https:\/\/lasquadra.pl\/wp-content\/uploads\/2023\/02\/DSC_1197.jpg","contentUrl":"https:\/\/lasquadra.pl\/wp-content\/uploads\/2023\/02\/DSC_1197.jpg","width":1280,"height":1920},{"@type":"BreadcrumbList","@id":"https:\/\/lasquadra.pl\/en\/produkt\/f40-sweatshirt\/#breadcrumb","itemListElement":[{"@type":"ListItem","position":1,"name":"Homepage","item":"https:\/\/lasquadra.pl\/en\/"},{"@type":"ListItem","position":2,"name":"Shop","item":"https:\/\/lasquadra.pl\/en\/shop\/"},{"@type":"ListItem","position":3,"name":"F40 sweatshirt"}]},{"@type":"WebSite","@id":"https:\/\/lasquadra.pl\/en\/#website","url":"https:\/\/lasquadra.pl\/en\/","name":"La Squadra","description":"La Squadra jest wynikiem pracy i pasji grupy entuzjast\u00f3w, zjednoczonych w przekonaniu, \u017ce motoryzacja to u\u017cytkowe dzie\u0142a sztuki zas\u0142uguj\u0105ce na zachowanie dla przysz\u0142ych generacji. Idea ta zosta\u0142a r\u00f3wnie\u017c wyra\u017cona w samej nazwie \u201eLa Squadra\u201d, kt\u00f3ra po w\u0142osku oznacza: \u201ezesp\u00f3\u0142\u201d, \u201edru\u017cyna\u201d.","potentialAction":[{"@type":"SearchAction","target":{"@type":"EntryPoint","urlTemplate":"https:\/\/lasquadra.pl\/en\/?s={search_term_string}"},"query-input":{"@type":"PropertyValueSpecification","valueRequired":true,"valueName":"search_term_string"}}],"inLanguage":"en-US"}]}},"_links":{"self":[{"href":"https:\/\/lasquadra.pl\/en\/wp-json\/wp\/v2\/product\/6441","targetHints":{"allow":["GET"]}}],"collection":[{"href":"https:\/\/lasquadra.pl\/en\/wp-json\/wp\/v2\/product"}],"about":[{"href":"https:\/\/lasquadra.pl\/en\/wp-json\/wp\/v2\/types\/product"}],"replies":[{"embeddable":true,"href":"https:\/\/lasquadra.pl\/en\/wp-json\/wp\/v2\/comments?post=6441"}],"wp:featuredmedia":[{"embeddable":true,"href":"https:\/\/lasquadra.pl\/en\/wp-json\/wp\/v2\/media\/6128"}],"wp:attachment":[{"href":"https:\/\/lasquadra.pl\/en\/wp-json\/wp\/v2\/media?parent=6441"}],"wp:term":[{"taxonomy":"product_brand","embeddable":true,"href":"https:\/\/lasquadra.pl\/en\/wp-json\/wp\/v2\/product_brand?post=6441"},{"taxonomy":"product_cat","embeddable":true,"href":"https:\/\/lasquadra.pl\/en\/wp-json\/wp\/v2\/product_cat?post=6441"},{"taxonomy":"product_tag","embeddable":true,"href":"https:\/\/lasquadra.pl\/en\/wp-json\/wp\/v2\/product_tag?post=6441"}],"curies":[{"name":"wp","href":"https:\/\/api.w.org\/{rel}","templated":true}]}}