{"id":991,"date":"2023-01-16T13:32:40","date_gmt":"2023-01-16T12:32:40","guid":{"rendered":"https:\/\/lasquadra.pl\/?page_id=991"},"modified":"2023-07-10T14:56:47","modified_gmt":"2023-07-10T12:56:47","slug":"cooperation","status":"publish","type":"page","link":"https:\/\/lasquadra.pl\/en\/cooperation\/","title":{"rendered":"Cooperation"},"content":{"rendered":"\n<p>La Squadra is the result of the work and passion of a group of enthusiasts united in the belief that automotive is a usable work of art that deserves to be preserved for future generations. This idea is also expressed in the name &#8220;La Squadra&#8221; itself, which in Italian means &#8220;team&#8221; or &#8220;squad&#8221;. Through the activities of La Squadra, whether journalistic, artistic, or restaurant-related, you can appreciate the beauty of car construction, design, engineering, and car timelessness. Such a broad scope of activities requires the highest quality marketing, which would not be possible without our partners. We regularly collaborate with external entities in creating the La Squadra magazine, promoting the automotive concept, and organising events.<\/p>\n","protected":false},"excerpt":{"rendered":"<p>La Squadra is the result of the work and passion of a group of enthusiasts united in the belief that automotive is a usable work of art that deserves to be preserved for future generations. This idea is also expressed in the name &#8220;La Squadra&#8221; itself, which in Italian means &#8220;team&#8221; or &#8220;squad&#8221;. Through the [&hellip;]<\/p>\n","protected":false},"author":1,"featured_media":6989,"parent":0,"menu_order":0,"comment_status":"closed","ping_status":"closed","template":"","meta":{"_acf_changed":false,"footnotes":""},"class_list":["post-991","page","type-page","status-publish","has-post-thumbnail","hentry"],"acf":[],"yoast_head":"<!-- This site is optimized with the Yoast SEO plugin v27.3 - https:\/\/yoast.com\/product\/yoast-seo-wordpress\/ -->\n<title>La Squadra - Cooperation<\/title>\n<meta name=\"robots\" content=\"index, follow, max-snippet:-1, max-image-preview:large, max-video-preview:-1\" \/>\n<link rel=\"canonical\" href=\"https:\/\/lasquadra.pl\/en\/cooperation\/\" \/>\n<meta property=\"og:locale\" content=\"en_US\" \/>\n<meta property=\"og:type\" content=\"article\" \/>\n<meta property=\"og:title\" content=\"La Squadra - Cooperation\" \/>\n<meta property=\"og:description\" content=\"La Squadra is the result of the work and passion of a group of enthusiasts united in the belief that automotive is a usable work of art that deserves to be preserved for future generations. This idea is also expressed in the name &#8220;La Squadra&#8221; itself, which in Italian means &#8220;team&#8221; or &#8220;squad&#8221;. Through the [&hellip;]\" \/>\n<meta property=\"og:url\" content=\"https:\/\/lasquadra.pl\/en\/cooperation\/\" \/>\n<meta property=\"og:site_name\" content=\"La Squadra\" \/>\n<meta property=\"article:modified_time\" content=\"2023-07-10T12:56:47+00:00\" \/>\n<meta property=\"og:image\" content=\"https:\/\/lasquadra.pl\/wp-content\/uploads\/2023\/07\/kooperacja__37-corsa_IMG_8188.jpg\" \/>\n\t<meta property=\"og:image:width\" content=\"1920\" \/>\n\t<meta property=\"og:image:height\" content=\"1280\" \/>\n\t<meta property=\"og:image:type\" content=\"image\/jpeg\" \/>\n<meta name=\"twitter:card\" content=\"summary_large_image\" \/>\n<meta name=\"twitter:label1\" content=\"Est. reading time\" \/>\n\t<meta name=\"twitter:data1\" content=\"1 minute\" \/>\n<!-- \/ Yoast SEO plugin. -->","yoast_head_json":{"title":"La Squadra - Cooperation","robots":{"index":"index","follow":"follow","max-snippet":"max-snippet:-1","max-image-preview":"max-image-preview:large","max-video-preview":"max-video-preview:-1"},"canonical":"https:\/\/lasquadra.pl\/en\/cooperation\/","og_locale":"en_US","og_type":"article","og_title":"La Squadra - Cooperation","og_description":"La Squadra is the result of the work and passion of a group of enthusiasts united in the belief that automotive is a usable work of art that deserves to be preserved for future generations. This idea is also expressed in the name &#8220;La Squadra&#8221; itself, which in Italian means &#8220;team&#8221; or &#8220;squad&#8221;. Through the [&hellip;]","og_url":"https:\/\/lasquadra.pl\/en\/cooperation\/","og_site_name":"La Squadra","article_modified_time":"2023-07-10T12:56:47+00:00","og_image":[{"width":1920,"height":1280,"url":"https:\/\/lasquadra.pl\/wp-content\/uploads\/2023\/07\/kooperacja__37-corsa_IMG_8188.jpg","type":"image\/jpeg"}],"twitter_card":"summary_large_image","twitter_misc":{"Est. reading time":"1 minute"},"schema":{"@context":"https:\/\/schema.org","@graph":[{"@type":"WebPage","@id":"https:\/\/lasquadra.pl\/en\/cooperation\/","url":"https:\/\/lasquadra.pl\/en\/cooperation\/","name":"La Squadra - Cooperation","isPartOf":{"@id":"https:\/\/lasquadra.pl\/en\/#website"},"primaryImageOfPage":{"@id":"https:\/\/lasquadra.pl\/en\/cooperation\/#primaryimage"},"image":{"@id":"https:\/\/lasquadra.pl\/en\/cooperation\/#primaryimage"},"thumbnailUrl":"https:\/\/lasquadra.pl\/wp-content\/uploads\/2023\/07\/kooperacja__37-corsa_IMG_8188.jpg","datePublished":"2023-01-16T12:32:40+00:00","dateModified":"2023-07-10T12:56:47+00:00","breadcrumb":{"@id":"https:\/\/lasquadra.pl\/en\/cooperation\/#breadcrumb"},"inLanguage":"en-US","potentialAction":[{"@type":"ReadAction","target":["https:\/\/lasquadra.pl\/en\/cooperation\/"]}]},{"@type":"ImageObject","inLanguage":"en-US","@id":"https:\/\/lasquadra.pl\/en\/cooperation\/#primaryimage","url":"https:\/\/lasquadra.pl\/wp-content\/uploads\/2023\/07\/kooperacja__37-corsa_IMG_8188.jpg","contentUrl":"https:\/\/lasquadra.pl\/wp-content\/uploads\/2023\/07\/kooperacja__37-corsa_IMG_8188.jpg","width":1920,"height":1280},{"@type":"BreadcrumbList","@id":"https:\/\/lasquadra.pl\/en\/cooperation\/#breadcrumb","itemListElement":[{"@type":"ListItem","position":1,"name":"Homepage","item":"https:\/\/lasquadra.pl\/en\/"},{"@type":"ListItem","position":2,"name":"Cooperation"}]},{"@type":"WebSite","@id":"https:\/\/lasquadra.pl\/en\/#website","url":"https:\/\/lasquadra.pl\/en\/","name":"La Squadra","description":"La Squadra jest wynikiem pracy i pasji grupy entuzjast\u00f3w, zjednoczonych w przekonaniu, \u017ce motoryzacja to u\u017cytkowe dzie\u0142a sztuki zas\u0142uguj\u0105ce na zachowanie dla przysz\u0142ych generacji. Idea ta zosta\u0142a r\u00f3wnie\u017c wyra\u017cona w samej nazwie \u201eLa Squadra\u201d, kt\u00f3ra po w\u0142osku oznacza: \u201ezesp\u00f3\u0142\u201d, \u201edru\u017cyna\u201d.","potentialAction":[{"@type":"SearchAction","target":{"@type":"EntryPoint","urlTemplate":"https:\/\/lasquadra.pl\/en\/?s={search_term_string}"},"query-input":{"@type":"PropertyValueSpecification","valueRequired":true,"valueName":"search_term_string"}}],"inLanguage":"en-US"}]}},"_links":{"self":[{"href":"https:\/\/lasquadra.pl\/en\/wp-json\/wp\/v2\/pages\/991","targetHints":{"allow":["GET"]}}],"collection":[{"href":"https:\/\/lasquadra.pl\/en\/wp-json\/wp\/v2\/pages"}],"about":[{"href":"https:\/\/lasquadra.pl\/en\/wp-json\/wp\/v2\/types\/page"}],"author":[{"embeddable":true,"href":"https:\/\/lasquadra.pl\/en\/wp-json\/wp\/v2\/users\/1"}],"replies":[{"embeddable":true,"href":"https:\/\/lasquadra.pl\/en\/wp-json\/wp\/v2\/comments?post=991"}],"version-history":[{"count":12,"href":"https:\/\/lasquadra.pl\/en\/wp-json\/wp\/v2\/pages\/991\/revisions"}],"predecessor-version":[{"id":6993,"href":"https:\/\/lasquadra.pl\/en\/wp-json\/wp\/v2\/pages\/991\/revisions\/6993"}],"wp:featuredmedia":[{"embeddable":true,"href":"https:\/\/lasquadra.pl\/en\/wp-json\/wp\/v2\/media\/6989"}],"wp:attachment":[{"href":"https:\/\/lasquadra.pl\/en\/wp-json\/wp\/v2\/media?parent=991"}],"curies":[{"name":"wp","href":"https:\/\/api.w.org\/{rel}","templated":true}]}}