{"id":988,"date":"2023-01-13T13:04:10","date_gmt":"2023-01-13T12:04:10","guid":{"rendered":"https:\/\/lasquadra.pl\/?page_id=988"},"modified":"2023-04-24T16:19:44","modified_gmt":"2023-04-24T14:19:44","slug":"contact","status":"publish","type":"page","link":"https:\/\/lasquadra.pl\/en\/contact\/","title":{"rendered":"Contact"},"content":{"rendered":"","protected":false},"excerpt":{"rendered":"","protected":false},"author":1,"featured_media":0,"parent":0,"menu_order":0,"comment_status":"closed","ping_status":"closed","template":"templates\/tpl-contact.php","meta":{"_acf_changed":false,"footnotes":""},"class_list":["post-988","page","type-page","status-publish","hentry"],"acf":[],"yoast_head":"<!-- This site is optimized with the Yoast SEO plugin v27.4 - https:\/\/yoast.com\/product\/yoast-seo-wordpress\/ -->\n<title>La Squadra - Contact<\/title>\n<meta name=\"robots\" content=\"index, follow, max-snippet:-1, max-image-preview:large, max-video-preview:-1\" \/>\n<link rel=\"canonical\" href=\"https:\/\/lasquadra.pl\/en\/contact\/\" \/>\n<meta property=\"og:locale\" content=\"en_US\" \/>\n<meta property=\"og:type\" content=\"article\" \/>\n<meta property=\"og:title\" content=\"La Squadra - Contact\" \/>\n<meta property=\"og:url\" content=\"https:\/\/lasquadra.pl\/en\/contact\/\" \/>\n<meta property=\"og:site_name\" content=\"La Squadra\" \/>\n<meta property=\"article:modified_time\" content=\"2023-04-24T14:19:44+00:00\" \/>\n<meta property=\"og:image\" content=\"https:\/\/lasquadra.pl\/wp-content\/uploads\/2023\/08\/Zrzut-ekranu-2023-08-18-o-08.55.29.png\" \/>\n\t<meta property=\"og:image:width\" content=\"1550\" \/>\n\t<meta property=\"og:image:height\" content=\"789\" \/>\n\t<meta property=\"og:image:type\" content=\"image\/png\" \/>\n<meta name=\"twitter:card\" content=\"summary_large_image\" \/>\n<!-- \/ Yoast SEO plugin. -->","yoast_head_json":{"title":"La Squadra - Contact","robots":{"index":"index","follow":"follow","max-snippet":"max-snippet:-1","max-image-preview":"max-image-preview:large","max-video-preview":"max-video-preview:-1"},"canonical":"https:\/\/lasquadra.pl\/en\/contact\/","og_locale":"en_US","og_type":"article","og_title":"La Squadra - Contact","og_url":"https:\/\/lasquadra.pl\/en\/contact\/","og_site_name":"La Squadra","article_modified_time":"2023-04-24T14:19:44+00:00","og_image":[{"width":1550,"height":789,"url":"https:\/\/lasquadra.pl\/wp-content\/uploads\/2023\/08\/Zrzut-ekranu-2023-08-18-o-08.55.29.png","type":"image\/png"}],"twitter_card":"summary_large_image","schema":{"@context":"https:\/\/schema.org","@graph":[{"@type":"WebPage","@id":"https:\/\/lasquadra.pl\/en\/contact\/","url":"https:\/\/lasquadra.pl\/en\/contact\/","name":"La Squadra - Contact","isPartOf":{"@id":"https:\/\/lasquadra.pl\/en\/#website"},"datePublished":"2023-01-13T12:04:10+00:00","dateModified":"2023-04-24T14:19:44+00:00","breadcrumb":{"@id":"https:\/\/lasquadra.pl\/en\/contact\/#breadcrumb"},"inLanguage":"en-US","potentialAction":[{"@type":"ReadAction","target":["https:\/\/lasquadra.pl\/en\/contact\/"]}]},{"@type":"BreadcrumbList","@id":"https:\/\/lasquadra.pl\/en\/contact\/#breadcrumb","itemListElement":[{"@type":"ListItem","position":1,"name":"Homepage","item":"https:\/\/lasquadra.pl\/en\/"},{"@type":"ListItem","position":2,"name":"Contact"}]},{"@type":"WebSite","@id":"https:\/\/lasquadra.pl\/en\/#website","url":"https:\/\/lasquadra.pl\/en\/","name":"La Squadra","description":"La Squadra jest wynikiem pracy i pasji grupy entuzjast\u00f3w, zjednoczonych w przekonaniu, \u017ce motoryzacja to u\u017cytkowe dzie\u0142a sztuki zas\u0142uguj\u0105ce na zachowanie dla przysz\u0142ych generacji. Idea ta zosta\u0142a r\u00f3wnie\u017c wyra\u017cona w samej nazwie \u201eLa Squadra\u201d, kt\u00f3ra po w\u0142osku oznacza: \u201ezesp\u00f3\u0142\u201d, \u201edru\u017cyna\u201d.","potentialAction":[{"@type":"SearchAction","target":{"@type":"EntryPoint","urlTemplate":"https:\/\/lasquadra.pl\/en\/?s={search_term_string}"},"query-input":{"@type":"PropertyValueSpecification","valueRequired":true,"valueName":"search_term_string"}}],"inLanguage":"en-US"}]}},"_links":{"self":[{"href":"https:\/\/lasquadra.pl\/en\/wp-json\/wp\/v2\/pages\/988","targetHints":{"allow":["GET"]}}],"collection":[{"href":"https:\/\/lasquadra.pl\/en\/wp-json\/wp\/v2\/pages"}],"about":[{"href":"https:\/\/lasquadra.pl\/en\/wp-json\/wp\/v2\/types\/page"}],"author":[{"embeddable":true,"href":"https:\/\/lasquadra.pl\/en\/wp-json\/wp\/v2\/users\/1"}],"replies":[{"embeddable":true,"href":"https:\/\/lasquadra.pl\/en\/wp-json\/wp\/v2\/comments?post=988"}],"version-history":[{"count":18,"href":"https:\/\/lasquadra.pl\/en\/wp-json\/wp\/v2\/pages\/988\/revisions"}],"predecessor-version":[{"id":6341,"href":"https:\/\/lasquadra.pl\/en\/wp-json\/wp\/v2\/pages\/988\/revisions\/6341"}],"wp:attachment":[{"href":"https:\/\/lasquadra.pl\/en\/wp-json\/wp\/v2\/media?parent=988"}],"curies":[{"name":"wp","href":"https:\/\/api.w.org\/{rel}","templated":true}]}}