{"id":979,"date":"2023-01-16T09:26:23","date_gmt":"2023-01-16T08:26:23","guid":{"rendered":"https:\/\/lasquadra.pl\/?page_id=979"},"modified":"2023-07-05T13:22:18","modified_gmt":"2023-07-05T11:22:18","slug":"ambassadors","status":"publish","type":"page","link":"https:\/\/lasquadra.pl\/en\/ambassadors\/","title":{"rendered":"Ambassadors"},"content":{"rendered":"\n<h3 class=\"wp-block-heading\">Who are ambassadors?<\/h3>\n\n\n\n<p>La Squadra has been a passion-driven project since its very beginning. But what helps us grow and reach more fans of automotive at&nbsp;its&nbsp;best is not only the commitment of the people working here in Katowice. It is also the great support from our friends: photographers, filmmakers, people from the artistic and musical environment, gastronomy geniuses or athletes. Would you like to become a La Squadra ambassador? Fill out the form below and wait for contact from us.<\/p>\n","protected":false},"excerpt":{"rendered":"<p>Who are ambassadors? La Squadra has been a passion-driven project since its very beginning. But what helps us grow and reach more fans of automotive at&nbsp;its&nbsp;best is not only the commitment of the people working here in Katowice. It is also the great support from our friends: photographers, filmmakers, people from the artistic and musical [&hellip;]<\/p>\n","protected":false},"author":1,"featured_media":6846,"parent":0,"menu_order":0,"comment_status":"closed","ping_status":"closed","template":"templates\/tpl-ambassadors.php","meta":{"_acf_changed":false,"footnotes":""},"class_list":["post-979","page","type-page","status-publish","has-post-thumbnail","hentry"],"acf":[],"yoast_head":"<!-- This site is optimized with the Yoast SEO plugin v27.3 - https:\/\/yoast.com\/product\/yoast-seo-wordpress\/ -->\n<title>La Squadra - Ambassadors<\/title>\n<meta name=\"robots\" content=\"index, follow, max-snippet:-1, max-image-preview:large, max-video-preview:-1\" \/>\n<link rel=\"canonical\" href=\"https:\/\/lasquadra.pl\/en\/ambassadors\/\" \/>\n<meta property=\"og:locale\" content=\"en_US\" \/>\n<meta property=\"og:type\" content=\"article\" \/>\n<meta property=\"og:title\" content=\"La Squadra - Ambassadors\" \/>\n<meta property=\"og:description\" content=\"Who are ambassadors? La Squadra has been a passion-driven project since its very beginning. But what helps us grow and reach more fans of automotive at&nbsp;its&nbsp;best is not only the commitment of the people working here in Katowice. It is also the great support from our friends: photographers, filmmakers, people from the artistic and musical [&hellip;]\" \/>\n<meta property=\"og:url\" content=\"https:\/\/lasquadra.pl\/en\/ambassadors\/\" \/>\n<meta property=\"og:site_name\" content=\"La Squadra\" \/>\n<meta property=\"article:modified_time\" content=\"2023-07-05T11:22:18+00:00\" \/>\n<meta property=\"og:image\" content=\"https:\/\/lasquadra.pl\/wp-content\/uploads\/2023\/06\/ambasadorzy__DJI_0259.jpg\" \/>\n\t<meta property=\"og:image:width\" content=\"1920\" \/>\n\t<meta property=\"og:image:height\" content=\"1279\" \/>\n\t<meta property=\"og:image:type\" content=\"image\/jpeg\" \/>\n<meta name=\"twitter:card\" content=\"summary_large_image\" \/>\n<meta name=\"twitter:label1\" content=\"Est. reading time\" \/>\n\t<meta name=\"twitter:data1\" content=\"1 minute\" \/>\n<!-- \/ Yoast SEO plugin. -->","yoast_head_json":{"title":"La Squadra - Ambassadors","robots":{"index":"index","follow":"follow","max-snippet":"max-snippet:-1","max-image-preview":"max-image-preview:large","max-video-preview":"max-video-preview:-1"},"canonical":"https:\/\/lasquadra.pl\/en\/ambassadors\/","og_locale":"en_US","og_type":"article","og_title":"La Squadra - Ambassadors","og_description":"Who are ambassadors? La Squadra has been a passion-driven project since its very beginning. But what helps us grow and reach more fans of automotive at&nbsp;its&nbsp;best is not only the commitment of the people working here in Katowice. It is also the great support from our friends: photographers, filmmakers, people from the artistic and musical [&hellip;]","og_url":"https:\/\/lasquadra.pl\/en\/ambassadors\/","og_site_name":"La Squadra","article_modified_time":"2023-07-05T11:22:18+00:00","og_image":[{"width":1920,"height":1279,"url":"https:\/\/lasquadra.pl\/wp-content\/uploads\/2023\/06\/ambasadorzy__DJI_0259.jpg","type":"image\/jpeg"}],"twitter_card":"summary_large_image","twitter_misc":{"Est. reading time":"1 minute"},"schema":{"@context":"https:\/\/schema.org","@graph":[{"@type":"WebPage","@id":"https:\/\/lasquadra.pl\/en\/ambassadors\/","url":"https:\/\/lasquadra.pl\/en\/ambassadors\/","name":"La Squadra - Ambassadors","isPartOf":{"@id":"https:\/\/lasquadra.pl\/en\/#website"},"primaryImageOfPage":{"@id":"https:\/\/lasquadra.pl\/en\/ambassadors\/#primaryimage"},"image":{"@id":"https:\/\/lasquadra.pl\/en\/ambassadors\/#primaryimage"},"thumbnailUrl":"https:\/\/lasquadra.pl\/wp-content\/uploads\/2023\/06\/ambasadorzy__DJI_0259.jpg","datePublished":"2023-01-16T08:26:23+00:00","dateModified":"2023-07-05T11:22:18+00:00","breadcrumb":{"@id":"https:\/\/lasquadra.pl\/en\/ambassadors\/#breadcrumb"},"inLanguage":"en-US","potentialAction":[{"@type":"ReadAction","target":["https:\/\/lasquadra.pl\/en\/ambassadors\/"]}]},{"@type":"ImageObject","inLanguage":"en-US","@id":"https:\/\/lasquadra.pl\/en\/ambassadors\/#primaryimage","url":"https:\/\/lasquadra.pl\/wp-content\/uploads\/2023\/06\/ambasadorzy__DJI_0259.jpg","contentUrl":"https:\/\/lasquadra.pl\/wp-content\/uploads\/2023\/06\/ambasadorzy__DJI_0259.jpg","width":1920,"height":1279},{"@type":"BreadcrumbList","@id":"https:\/\/lasquadra.pl\/en\/ambassadors\/#breadcrumb","itemListElement":[{"@type":"ListItem","position":1,"name":"Homepage","item":"https:\/\/lasquadra.pl\/en\/"},{"@type":"ListItem","position":2,"name":"Ambassadors"}]},{"@type":"WebSite","@id":"https:\/\/lasquadra.pl\/en\/#website","url":"https:\/\/lasquadra.pl\/en\/","name":"La Squadra","description":"La Squadra jest wynikiem pracy i pasji grupy entuzjast\u00f3w, zjednoczonych w przekonaniu, \u017ce motoryzacja to u\u017cytkowe dzie\u0142a sztuki zas\u0142uguj\u0105ce na zachowanie dla przysz\u0142ych generacji. Idea ta zosta\u0142a r\u00f3wnie\u017c wyra\u017cona w samej nazwie \u201eLa Squadra\u201d, kt\u00f3ra po w\u0142osku oznacza: \u201ezesp\u00f3\u0142\u201d, \u201edru\u017cyna\u201d.","potentialAction":[{"@type":"SearchAction","target":{"@type":"EntryPoint","urlTemplate":"https:\/\/lasquadra.pl\/en\/?s={search_term_string}"},"query-input":{"@type":"PropertyValueSpecification","valueRequired":true,"valueName":"search_term_string"}}],"inLanguage":"en-US"}]}},"_links":{"self":[{"href":"https:\/\/lasquadra.pl\/en\/wp-json\/wp\/v2\/pages\/979","targetHints":{"allow":["GET"]}}],"collection":[{"href":"https:\/\/lasquadra.pl\/en\/wp-json\/wp\/v2\/pages"}],"about":[{"href":"https:\/\/lasquadra.pl\/en\/wp-json\/wp\/v2\/types\/page"}],"author":[{"embeddable":true,"href":"https:\/\/lasquadra.pl\/en\/wp-json\/wp\/v2\/users\/1"}],"replies":[{"embeddable":true,"href":"https:\/\/lasquadra.pl\/en\/wp-json\/wp\/v2\/comments?post=979"}],"version-history":[{"count":11,"href":"https:\/\/lasquadra.pl\/en\/wp-json\/wp\/v2\/pages\/979\/revisions"}],"predecessor-version":[{"id":6974,"href":"https:\/\/lasquadra.pl\/en\/wp-json\/wp\/v2\/pages\/979\/revisions\/6974"}],"wp:featuredmedia":[{"embeddable":true,"href":"https:\/\/lasquadra.pl\/en\/wp-json\/wp\/v2\/media\/6846"}],"wp:attachment":[{"href":"https:\/\/lasquadra.pl\/en\/wp-json\/wp\/v2\/media?parent=979"}],"curies":[{"name":"wp","href":"https:\/\/api.w.org\/{rel}","templated":true}]}}