{"id":7448,"date":"2023-11-16T13:03:23","date_gmt":"2023-11-16T12:03:23","guid":{"rendered":"https:\/\/lasquadra.pl\/?page_id=7448"},"modified":"2024-02-21T20:45:08","modified_gmt":"2024-02-21T19:45:08","slug":"zagato","status":"publish","type":"page","link":"https:\/\/lasquadra.pl\/en\/autofficina\/zagato\/","title":{"rendered":"Zagato"},"content":{"rendered":"\n<p><strong>Remember that date: on 21<sup>st<\/sup> of February we shall present an exceptional car, stemming from collaboration between the Italian Atelier Zagato and La Squadra.<\/strong><\/p>\n\n\n\n<p>To true petrolheads, the Zagato brand hardly needs any introduction. The legendary coachbuilder and design studio, founded in 1919 in Milan, firmly established itself in the motor industry history with its many ground-breaking chassis for such automotive brands as Ferrari, Fiat, Alfa Romeo, Aston Martin and more. La Squadra \u2013 one of its kind dealer of collector\u2019s cars Ferrari, Pagani, Koenigsegg, Bugatti, Rimac, Singer and Alpine \u2013 undertook to create, in collaboration with Zagato, a completely new and very unique sports car.<\/p>\n\n\n\n<p>At this stage we can only disclose this is going to be a homage to a racing legend which once competed in the 24 Hours of Le Mans race. To a car which, despite not having made it to the list of winners of that gruesome endurance race, has become protagonist of a fascinating story anyway. That, as well as its unfulfilled potential, were an enormous inspiration to us.<\/p>\n\n\n\n<p>The design and manufacturing of the chassis were entrusted to a team of artists from Atelier Zagato who, in this special collaboration, are responsible for things they are best known of: designing extraordinary car bodies and manufacturing them using craftsmanship methods. La Squadra, on its part, will focus on the sales and marketing segment.<\/p>\n\n\n\n<p>For more information about the project see the following website: <a href=\"http:\/\/www.agtztwintail.com\">www.agtztwintail.com<\/a><\/p>\n\n\n\n<figure class=\"wp-block-image size-large\"><img loading=\"lazy\" decoding=\"async\" width=\"1024\" height=\"768\" src=\"https:\/\/lasquadra.pl\/wp-content\/uploads\/2024\/02\/A_WHITE_09_exr_0010_H-1024x768.png\" alt=\"\" class=\"wp-image-7841\" srcset=\"https:\/\/lasquadra.pl\/wp-content\/uploads\/2024\/02\/A_WHITE_09_exr_0010_H-1024x768.png 1024w, https:\/\/lasquadra.pl\/wp-content\/uploads\/2024\/02\/A_WHITE_09_exr_0010_H-300x225.png 300w, https:\/\/lasquadra.pl\/wp-content\/uploads\/2024\/02\/A_WHITE_09_exr_0010_H-768x576.png 768w, https:\/\/lasquadra.pl\/wp-content\/uploads\/2024\/02\/A_WHITE_09_exr_0010_H-1536x1152.png 1536w, https:\/\/lasquadra.pl\/wp-content\/uploads\/2024\/02\/A_WHITE_09_exr_0010_H-600x450.png 600w, https:\/\/lasquadra.pl\/wp-content\/uploads\/2024\/02\/A_WHITE_09_exr_0010_H.png 1920w\" sizes=\"auto, (max-width: 1024px) 100vw, 1024px\" \/><\/figure>\n\n\n\n<p><strong>About Zagato<\/strong><\/p>\n\n\n\n<p>Founded in Milan, Italy in 1919, the story of Zagato is already over a century old. Its unique mix of engineering pragmatism and artisanal craftsmanship has seen Carrozzeria Zagato achieve results which go beyond the usual understanding of car design. Crucially, it has never designed or produced mainstream models but instead focused exclusively on bespoke creations manufactured only in strictly limited numbers. Zagato occupies a unique position in the automotive world as a specialist in limited-edition and collectible automobiles, applying its own signature to exotic performance cars manufactured by other companies.<\/p>\n\n\n\n<p><a href=\"http:\/\/www.zagato.it\">www.zagato.it<\/a><\/p>\n\n\n\n<p><strong>About La Squadra x Zagato<\/strong><\/p>\n\n\n\n<p>Our truly special partnership sees Zagato focus on car design and production while La Squadra handles sales and marketing for our unmistakable collaborations. By thinking exclusively in very limited production numbers, we bring the classic coachbuilding spirit right into the modern era, responding to clients\u2019 needs with unrivalled focus and a smart, technological backbone. We will cater to the desires of discerning collectors who seek exclusive and provocative cars which push design boundaries; cars which incorporate futuristic aesthetics and novel design elements to combine form and function in jaw-dropping fashion.<\/p>\n","protected":false},"excerpt":{"rendered":"<p>Remember that date: on 21st of February we shall present an exceptional car, stemming from collaboration between the Italian Atelier Zagato and La Squadra. To true petrolheads, the Zagato brand hardly needs any introduction. The legendary coachbuilder and design studio, founded in 1919 in Milan, firmly established itself in the motor industry history with its [&hellip;]<\/p>\n","protected":false},"author":6,"featured_media":7458,"parent":982,"menu_order":0,"comment_status":"closed","ping_status":"closed","template":"","meta":{"_acf_changed":false,"footnotes":""},"class_list":["post-7448","page","type-page","status-publish","has-post-thumbnail","hentry"],"acf":[],"yoast_head":"<!-- This site is optimized with the Yoast SEO plugin v27.3 - https:\/\/yoast.com\/product\/yoast-seo-wordpress\/ -->\n<title>La Squadra - Zagato<\/title>\n<meta name=\"robots\" content=\"index, follow, max-snippet:-1, max-image-preview:large, max-video-preview:-1\" \/>\n<link rel=\"canonical\" href=\"https:\/\/lasquadra.pl\/en\/autofficina\/zagato\/\" \/>\n<meta property=\"og:locale\" content=\"en_US\" \/>\n<meta property=\"og:type\" content=\"article\" \/>\n<meta property=\"og:title\" content=\"La Squadra - Zagato\" \/>\n<meta property=\"og:description\" content=\"Remember that date: on 21st of February we shall present an exceptional car, stemming from collaboration between the Italian Atelier Zagato and La Squadra. To true petrolheads, the Zagato brand hardly needs any introduction. The legendary coachbuilder and design studio, founded in 1919 in Milan, firmly established itself in the motor industry history with its [&hellip;]\" \/>\n<meta property=\"og:url\" content=\"https:\/\/lasquadra.pl\/en\/autofficina\/zagato\/\" \/>\n<meta property=\"og:site_name\" content=\"La Squadra\" \/>\n<meta property=\"article:modified_time\" content=\"2024-02-21T19:45:08+00:00\" \/>\n<meta property=\"og:image\" content=\"https:\/\/lasquadra.pl\/wp-content\/uploads\/2023\/11\/DSC_5046.jpg\" \/>\n\t<meta property=\"og:image:width\" content=\"1920\" \/>\n\t<meta property=\"og:image:height\" content=\"1280\" \/>\n\t<meta property=\"og:image:type\" content=\"image\/jpeg\" \/>\n<meta name=\"twitter:card\" content=\"summary_large_image\" \/>\n<meta name=\"twitter:label1\" content=\"Est. reading time\" \/>\n\t<meta name=\"twitter:data1\" content=\"3 minutes\" \/>\n<!-- \/ Yoast SEO plugin. -->","yoast_head_json":{"title":"La Squadra - Zagato","robots":{"index":"index","follow":"follow","max-snippet":"max-snippet:-1","max-image-preview":"max-image-preview:large","max-video-preview":"max-video-preview:-1"},"canonical":"https:\/\/lasquadra.pl\/en\/autofficina\/zagato\/","og_locale":"en_US","og_type":"article","og_title":"La Squadra - Zagato","og_description":"Remember that date: on 21st of February we shall present an exceptional car, stemming from collaboration between the Italian Atelier Zagato and La Squadra. To true petrolheads, the Zagato brand hardly needs any introduction. The legendary coachbuilder and design studio, founded in 1919 in Milan, firmly established itself in the motor industry history with its [&hellip;]","og_url":"https:\/\/lasquadra.pl\/en\/autofficina\/zagato\/","og_site_name":"La Squadra","article_modified_time":"2024-02-21T19:45:08+00:00","og_image":[{"width":1920,"height":1280,"url":"https:\/\/lasquadra.pl\/wp-content\/uploads\/2023\/11\/DSC_5046.jpg","type":"image\/jpeg"}],"twitter_card":"summary_large_image","twitter_misc":{"Est. reading time":"3 minutes"},"schema":{"@context":"https:\/\/schema.org","@graph":[{"@type":"WebPage","@id":"https:\/\/lasquadra.pl\/en\/autofficina\/zagato\/","url":"https:\/\/lasquadra.pl\/en\/autofficina\/zagato\/","name":"La Squadra - Zagato","isPartOf":{"@id":"https:\/\/lasquadra.pl\/en\/#website"},"primaryImageOfPage":{"@id":"https:\/\/lasquadra.pl\/en\/autofficina\/zagato\/#primaryimage"},"image":{"@id":"https:\/\/lasquadra.pl\/en\/autofficina\/zagato\/#primaryimage"},"thumbnailUrl":"https:\/\/lasquadra.pl\/wp-content\/uploads\/2023\/11\/DSC_5046.jpg","datePublished":"2023-11-16T12:03:23+00:00","dateModified":"2024-02-21T19:45:08+00:00","breadcrumb":{"@id":"https:\/\/lasquadra.pl\/en\/autofficina\/zagato\/#breadcrumb"},"inLanguage":"en-US","potentialAction":[{"@type":"ReadAction","target":["https:\/\/lasquadra.pl\/en\/autofficina\/zagato\/"]}]},{"@type":"ImageObject","inLanguage":"en-US","@id":"https:\/\/lasquadra.pl\/en\/autofficina\/zagato\/#primaryimage","url":"https:\/\/lasquadra.pl\/wp-content\/uploads\/2023\/11\/DSC_5046.jpg","contentUrl":"https:\/\/lasquadra.pl\/wp-content\/uploads\/2023\/11\/DSC_5046.jpg","width":1920,"height":1280,"caption":"Singer Classic Study Katowice"},{"@type":"BreadcrumbList","@id":"https:\/\/lasquadra.pl\/en\/autofficina\/zagato\/#breadcrumb","itemListElement":[{"@type":"ListItem","position":1,"name":"Homepage","item":"https:\/\/lasquadra.pl\/en\/"},{"@type":"ListItem","position":2,"name":"Autofficina","item":"https:\/\/lasquadra.pl\/en\/autofficina\/"},{"@type":"ListItem","position":3,"name":"Zagato"}]},{"@type":"WebSite","@id":"https:\/\/lasquadra.pl\/en\/#website","url":"https:\/\/lasquadra.pl\/en\/","name":"La Squadra","description":"La Squadra jest wynikiem pracy i pasji grupy entuzjast\u00f3w, zjednoczonych w przekonaniu, \u017ce motoryzacja to u\u017cytkowe dzie\u0142a sztuki zas\u0142uguj\u0105ce na zachowanie dla przysz\u0142ych generacji. Idea ta zosta\u0142a r\u00f3wnie\u017c wyra\u017cona w samej nazwie \u201eLa Squadra\u201d, kt\u00f3ra po w\u0142osku oznacza: \u201ezesp\u00f3\u0142\u201d, \u201edru\u017cyna\u201d.","potentialAction":[{"@type":"SearchAction","target":{"@type":"EntryPoint","urlTemplate":"https:\/\/lasquadra.pl\/en\/?s={search_term_string}"},"query-input":{"@type":"PropertyValueSpecification","valueRequired":true,"valueName":"search_term_string"}}],"inLanguage":"en-US"}]}},"_links":{"self":[{"href":"https:\/\/lasquadra.pl\/en\/wp-json\/wp\/v2\/pages\/7448","targetHints":{"allow":["GET"]}}],"collection":[{"href":"https:\/\/lasquadra.pl\/en\/wp-json\/wp\/v2\/pages"}],"about":[{"href":"https:\/\/lasquadra.pl\/en\/wp-json\/wp\/v2\/types\/page"}],"author":[{"embeddable":true,"href":"https:\/\/lasquadra.pl\/en\/wp-json\/wp\/v2\/users\/6"}],"replies":[{"embeddable":true,"href":"https:\/\/lasquadra.pl\/en\/wp-json\/wp\/v2\/comments?post=7448"}],"version-history":[{"count":6,"href":"https:\/\/lasquadra.pl\/en\/wp-json\/wp\/v2\/pages\/7448\/revisions"}],"predecessor-version":[{"id":7849,"href":"https:\/\/lasquadra.pl\/en\/wp-json\/wp\/v2\/pages\/7448\/revisions\/7849"}],"up":[{"embeddable":true,"href":"https:\/\/lasquadra.pl\/en\/wp-json\/wp\/v2\/pages\/982"}],"wp:featuredmedia":[{"embeddable":true,"href":"https:\/\/lasquadra.pl\/en\/wp-json\/wp\/v2\/media\/7458"}],"wp:attachment":[{"href":"https:\/\/lasquadra.pl\/en\/wp-json\/wp\/v2\/media?parent=7448"}],"curies":[{"name":"wp","href":"https:\/\/api.w.org\/{rel}","templated":true}]}}