{"id":6418,"date":"2023-04-03T08:56:27","date_gmt":"2023-04-03T06:56:27","guid":{"rendered":"https:\/\/lasquadra.pl\/?page_id=6418"},"modified":"2023-06-29T08:48:36","modified_gmt":"2023-06-29T06:48:36","slug":"corso-pilota-race","status":"publish","type":"page","link":"https:\/\/lasquadra.pl\/en\/racing\/ferrari-challenge\/corso-pilota-race\/","title":{"rendered":"Corso Pilota Race"},"content":{"rendered":"\n<p>The Corso Pilota Race course is the culmination of the entire Corso Pilota training programme. It is the final, most advanced stage of training, held at the Italian Varano de\u2019 Melegari or French Paul Ricard circuit. The programme includes theory and practice from the previous two stages, allowing for a full immersion into the world of motorsport. It is also a great opportunity to familiarise oneself with the technical capabilities offered by the 488 Challenge Evo, the most commonly used car during Corso Pilota Race. At the end of the course, each student will receive a helmet from the reputable manufacturer Bella.<\/p>\n","protected":false},"excerpt":{"rendered":"<p>The Corso Pilota Race course is the culmination of the entire Corso Pilota training programme. It is the final, most advanced stage of training, held at the Italian Varano de\u2019 Melegari or French Paul Ricard circuit. The programme includes theory and practice from the previous two stages, allowing for a full immersion into the world [&hellip;]<\/p>\n","protected":false},"author":1,"featured_media":0,"parent":1008,"menu_order":0,"comment_status":"closed","ping_status":"closed","template":"templates\/tpl-sub-page-racing.php","meta":{"_acf_changed":false,"footnotes":""},"class_list":["post-6418","page","type-page","status-publish","hentry"],"acf":[],"yoast_head":"<!-- This site is optimized with the Yoast SEO plugin v27.3 - https:\/\/yoast.com\/product\/yoast-seo-wordpress\/ -->\n<title>La Squadra - Corso Pilota Race<\/title>\n<meta name=\"robots\" content=\"index, follow, max-snippet:-1, max-image-preview:large, max-video-preview:-1\" \/>\n<link rel=\"canonical\" href=\"https:\/\/lasquadra.pl\/en\/racing\/ferrari-challenge\/corso-pilota-race\/\" \/>\n<meta property=\"og:locale\" content=\"en_US\" \/>\n<meta property=\"og:type\" content=\"article\" \/>\n<meta property=\"og:title\" content=\"La Squadra - Corso Pilota Race\" \/>\n<meta property=\"og:description\" content=\"The Corso Pilota Race course is the culmination of the entire Corso Pilota training programme. It is the final, most advanced stage of training, held at the Italian Varano de\u2019 Melegari or French Paul Ricard circuit. The programme includes theory and practice from the previous two stages, allowing for a full immersion into the world [&hellip;]\" \/>\n<meta property=\"og:url\" content=\"https:\/\/lasquadra.pl\/en\/racing\/ferrari-challenge\/corso-pilota-race\/\" \/>\n<meta property=\"og:site_name\" content=\"La Squadra\" \/>\n<meta property=\"article:modified_time\" content=\"2023-06-29T06:48:36+00:00\" \/>\n<meta property=\"og:image\" content=\"https:\/\/lasquadra.pl\/wp-content\/uploads\/2023\/08\/Zrzut-ekranu-2023-08-18-o-08.55.29.png\" \/>\n\t<meta property=\"og:image:width\" content=\"1550\" \/>\n\t<meta property=\"og:image:height\" content=\"789\" \/>\n\t<meta property=\"og:image:type\" content=\"image\/png\" \/>\n<meta name=\"twitter:card\" content=\"summary_large_image\" \/>\n<meta name=\"twitter:label1\" content=\"Est. reading time\" \/>\n\t<meta name=\"twitter:data1\" content=\"1 minute\" \/>\n<!-- \/ Yoast SEO plugin. -->","yoast_head_json":{"title":"La Squadra - Corso Pilota Race","robots":{"index":"index","follow":"follow","max-snippet":"max-snippet:-1","max-image-preview":"max-image-preview:large","max-video-preview":"max-video-preview:-1"},"canonical":"https:\/\/lasquadra.pl\/en\/racing\/ferrari-challenge\/corso-pilota-race\/","og_locale":"en_US","og_type":"article","og_title":"La Squadra - Corso Pilota Race","og_description":"The Corso Pilota Race course is the culmination of the entire Corso Pilota training programme. It is the final, most advanced stage of training, held at the Italian Varano de\u2019 Melegari or French Paul Ricard circuit. The programme includes theory and practice from the previous two stages, allowing for a full immersion into the world [&hellip;]","og_url":"https:\/\/lasquadra.pl\/en\/racing\/ferrari-challenge\/corso-pilota-race\/","og_site_name":"La Squadra","article_modified_time":"2023-06-29T06:48:36+00:00","og_image":[{"width":1550,"height":789,"url":"https:\/\/lasquadra.pl\/wp-content\/uploads\/2023\/08\/Zrzut-ekranu-2023-08-18-o-08.55.29.png","type":"image\/png"}],"twitter_card":"summary_large_image","twitter_misc":{"Est. reading time":"1 minute"},"schema":{"@context":"https:\/\/schema.org","@graph":[{"@type":"WebPage","@id":"https:\/\/lasquadra.pl\/en\/racing\/ferrari-challenge\/corso-pilota-race\/","url":"https:\/\/lasquadra.pl\/en\/racing\/ferrari-challenge\/corso-pilota-race\/","name":"La Squadra - Corso Pilota Race","isPartOf":{"@id":"https:\/\/lasquadra.pl\/en\/#website"},"datePublished":"2023-04-03T06:56:27+00:00","dateModified":"2023-06-29T06:48:36+00:00","breadcrumb":{"@id":"https:\/\/lasquadra.pl\/en\/racing\/ferrari-challenge\/corso-pilota-race\/#breadcrumb"},"inLanguage":"en-US","potentialAction":[{"@type":"ReadAction","target":["https:\/\/lasquadra.pl\/en\/racing\/ferrari-challenge\/corso-pilota-race\/"]}]},{"@type":"BreadcrumbList","@id":"https:\/\/lasquadra.pl\/en\/racing\/ferrari-challenge\/corso-pilota-race\/#breadcrumb","itemListElement":[{"@type":"ListItem","position":1,"name":"Homepage","item":"https:\/\/lasquadra.pl\/en\/"},{"@type":"ListItem","position":2,"name":"Racing","item":"https:\/\/lasquadra.pl\/en\/racing\/"},{"@type":"ListItem","position":3,"name":"Ferrari challenge","item":"https:\/\/lasquadra.pl\/en\/racing\/ferrari-challenge\/"},{"@type":"ListItem","position":4,"name":"Corso Pilota Race"}]},{"@type":"WebSite","@id":"https:\/\/lasquadra.pl\/en\/#website","url":"https:\/\/lasquadra.pl\/en\/","name":"La Squadra","description":"La Squadra jest wynikiem pracy i pasji grupy entuzjast\u00f3w, zjednoczonych w przekonaniu, \u017ce motoryzacja to u\u017cytkowe dzie\u0142a sztuki zas\u0142uguj\u0105ce na zachowanie dla przysz\u0142ych generacji. Idea ta zosta\u0142a r\u00f3wnie\u017c wyra\u017cona w samej nazwie \u201eLa Squadra\u201d, kt\u00f3ra po w\u0142osku oznacza: \u201ezesp\u00f3\u0142\u201d, \u201edru\u017cyna\u201d.","potentialAction":[{"@type":"SearchAction","target":{"@type":"EntryPoint","urlTemplate":"https:\/\/lasquadra.pl\/en\/?s={search_term_string}"},"query-input":{"@type":"PropertyValueSpecification","valueRequired":true,"valueName":"search_term_string"}}],"inLanguage":"en-US"}]}},"_links":{"self":[{"href":"https:\/\/lasquadra.pl\/en\/wp-json\/wp\/v2\/pages\/6418","targetHints":{"allow":["GET"]}}],"collection":[{"href":"https:\/\/lasquadra.pl\/en\/wp-json\/wp\/v2\/pages"}],"about":[{"href":"https:\/\/lasquadra.pl\/en\/wp-json\/wp\/v2\/types\/page"}],"author":[{"embeddable":true,"href":"https:\/\/lasquadra.pl\/en\/wp-json\/wp\/v2\/users\/1"}],"replies":[{"embeddable":true,"href":"https:\/\/lasquadra.pl\/en\/wp-json\/wp\/v2\/comments?post=6418"}],"version-history":[{"count":3,"href":"https:\/\/lasquadra.pl\/en\/wp-json\/wp\/v2\/pages\/6418\/revisions"}],"predecessor-version":[{"id":6927,"href":"https:\/\/lasquadra.pl\/en\/wp-json\/wp\/v2\/pages\/6418\/revisions\/6927"}],"up":[{"embeddable":true,"href":"https:\/\/lasquadra.pl\/en\/wp-json\/wp\/v2\/pages\/1008"}],"wp:attachment":[{"href":"https:\/\/lasquadra.pl\/en\/wp-json\/wp\/v2\/media?parent=6418"}],"curies":[{"name":"wp","href":"https:\/\/api.w.org\/{rel}","templated":true}]}}