{"id":6416,"date":"2023-04-03T08:55:04","date_gmt":"2023-04-03T06:55:04","guid":{"rendered":"https:\/\/lasquadra.pl\/?page_id=6416"},"modified":"2023-06-30T08:48:47","modified_gmt":"2023-06-30T06:48:47","slug":"corso-pilota-evoluzione","status":"publish","type":"page","link":"https:\/\/lasquadra.pl\/en\/racing\/ferrari-challenge\/corso-pilota-evoluzione\/","title":{"rendered":"Corso Pilota Evoluzione+"},"content":{"rendered":"\n<p>The second level of the Ferrari Corso Pilota takes place at one of three locations, depending on the chosen date \u2013 at the Vallelunga Circuit or Misano Circuit in Italy or at Paul Ricard in France.<\/p>\n\n\n\n<p>To provide longer sessions on the track and better interaction with instructors, the maximum number of participants in this group is smaller than in the Corso Pilota Sport programme. The training is enriched with even more advanced sports driving techniques aimed at improving performance on the track and driving skills. The culmination of the course is the training sessions on the track on board the 488 Challenge Evo, the track version of the 488GTB used in Ferrari Challenge races.<\/p>\n\n\n\n<p>All participants in the Corso Pilota Evoluzione+ training will receive a Sabelt racing kit consisting of a professional racing suit, specialised shoes and gloves.<\/p>\n","protected":false},"excerpt":{"rendered":"<p>The second level of the Ferrari Corso Pilota takes place at one of three locations, depending on the chosen date \u2013 at the Vallelunga Circuit or Misano Circuit in Italy or at Paul Ricard in France. To provide longer sessions on the track and better interaction with instructors, the maximum number of participants in this [&hellip;]<\/p>\n","protected":false},"author":1,"featured_media":0,"parent":1008,"menu_order":0,"comment_status":"closed","ping_status":"closed","template":"templates\/tpl-sub-page-racing.php","meta":{"_acf_changed":false,"footnotes":""},"class_list":["post-6416","page","type-page","status-publish","hentry"],"acf":[],"yoast_head":"<!-- This site is optimized with the Yoast SEO plugin v27.3 - https:\/\/yoast.com\/product\/yoast-seo-wordpress\/ -->\n<title>La Squadra - Corso Pilota Evoluzione+<\/title>\n<meta name=\"robots\" content=\"index, follow, max-snippet:-1, max-image-preview:large, max-video-preview:-1\" \/>\n<link rel=\"canonical\" href=\"https:\/\/lasquadra.pl\/en\/racing\/ferrari-challenge\/corso-pilota-evoluzione\/\" \/>\n<meta property=\"og:locale\" content=\"en_US\" \/>\n<meta property=\"og:type\" content=\"article\" \/>\n<meta property=\"og:title\" content=\"La Squadra - Corso Pilota Evoluzione+\" \/>\n<meta property=\"og:description\" content=\"The second level of the Ferrari Corso Pilota takes place at one of three locations, depending on the chosen date \u2013 at the Vallelunga Circuit or Misano Circuit in Italy or at Paul Ricard in France. To provide longer sessions on the track and better interaction with instructors, the maximum number of participants in this [&hellip;]\" \/>\n<meta property=\"og:url\" content=\"https:\/\/lasquadra.pl\/en\/racing\/ferrari-challenge\/corso-pilota-evoluzione\/\" \/>\n<meta property=\"og:site_name\" content=\"La Squadra\" \/>\n<meta property=\"article:modified_time\" content=\"2023-06-30T06:48:47+00:00\" \/>\n<meta property=\"og:image\" content=\"https:\/\/lasquadra.pl\/wp-content\/uploads\/2023\/08\/Zrzut-ekranu-2023-08-18-o-08.55.29.png\" \/>\n\t<meta property=\"og:image:width\" content=\"1550\" \/>\n\t<meta property=\"og:image:height\" content=\"789\" \/>\n\t<meta property=\"og:image:type\" content=\"image\/png\" \/>\n<meta name=\"twitter:card\" content=\"summary_large_image\" \/>\n<meta name=\"twitter:label1\" content=\"Est. reading time\" \/>\n\t<meta name=\"twitter:data1\" content=\"1 minute\" \/>\n<!-- \/ Yoast SEO plugin. -->","yoast_head_json":{"title":"La Squadra - Corso Pilota Evoluzione+","robots":{"index":"index","follow":"follow","max-snippet":"max-snippet:-1","max-image-preview":"max-image-preview:large","max-video-preview":"max-video-preview:-1"},"canonical":"https:\/\/lasquadra.pl\/en\/racing\/ferrari-challenge\/corso-pilota-evoluzione\/","og_locale":"en_US","og_type":"article","og_title":"La Squadra - Corso Pilota Evoluzione+","og_description":"The second level of the Ferrari Corso Pilota takes place at one of three locations, depending on the chosen date \u2013 at the Vallelunga Circuit or Misano Circuit in Italy or at Paul Ricard in France. To provide longer sessions on the track and better interaction with instructors, the maximum number of participants in this [&hellip;]","og_url":"https:\/\/lasquadra.pl\/en\/racing\/ferrari-challenge\/corso-pilota-evoluzione\/","og_site_name":"La Squadra","article_modified_time":"2023-06-30T06:48:47+00:00","og_image":[{"width":1550,"height":789,"url":"https:\/\/lasquadra.pl\/wp-content\/uploads\/2023\/08\/Zrzut-ekranu-2023-08-18-o-08.55.29.png","type":"image\/png"}],"twitter_card":"summary_large_image","twitter_misc":{"Est. reading time":"1 minute"},"schema":{"@context":"https:\/\/schema.org","@graph":[{"@type":"WebPage","@id":"https:\/\/lasquadra.pl\/en\/racing\/ferrari-challenge\/corso-pilota-evoluzione\/","url":"https:\/\/lasquadra.pl\/en\/racing\/ferrari-challenge\/corso-pilota-evoluzione\/","name":"La Squadra - Corso Pilota Evoluzione+","isPartOf":{"@id":"https:\/\/lasquadra.pl\/en\/#website"},"datePublished":"2023-04-03T06:55:04+00:00","dateModified":"2023-06-30T06:48:47+00:00","breadcrumb":{"@id":"https:\/\/lasquadra.pl\/en\/racing\/ferrari-challenge\/corso-pilota-evoluzione\/#breadcrumb"},"inLanguage":"en-US","potentialAction":[{"@type":"ReadAction","target":["https:\/\/lasquadra.pl\/en\/racing\/ferrari-challenge\/corso-pilota-evoluzione\/"]}]},{"@type":"BreadcrumbList","@id":"https:\/\/lasquadra.pl\/en\/racing\/ferrari-challenge\/corso-pilota-evoluzione\/#breadcrumb","itemListElement":[{"@type":"ListItem","position":1,"name":"Homepage","item":"https:\/\/lasquadra.pl\/en\/"},{"@type":"ListItem","position":2,"name":"Racing","item":"https:\/\/lasquadra.pl\/en\/racing\/"},{"@type":"ListItem","position":3,"name":"Ferrari challenge","item":"https:\/\/lasquadra.pl\/en\/racing\/ferrari-challenge\/"},{"@type":"ListItem","position":4,"name":"Corso Pilota Evoluzione+"}]},{"@type":"WebSite","@id":"https:\/\/lasquadra.pl\/en\/#website","url":"https:\/\/lasquadra.pl\/en\/","name":"La Squadra","description":"La Squadra jest wynikiem pracy i pasji grupy entuzjast\u00f3w, zjednoczonych w przekonaniu, \u017ce motoryzacja to u\u017cytkowe dzie\u0142a sztuki zas\u0142uguj\u0105ce na zachowanie dla przysz\u0142ych generacji. Idea ta zosta\u0142a r\u00f3wnie\u017c wyra\u017cona w samej nazwie \u201eLa Squadra\u201d, kt\u00f3ra po w\u0142osku oznacza: \u201ezesp\u00f3\u0142\u201d, \u201edru\u017cyna\u201d.","potentialAction":[{"@type":"SearchAction","target":{"@type":"EntryPoint","urlTemplate":"https:\/\/lasquadra.pl\/en\/?s={search_term_string}"},"query-input":{"@type":"PropertyValueSpecification","valueRequired":true,"valueName":"search_term_string"}}],"inLanguage":"en-US"}]}},"_links":{"self":[{"href":"https:\/\/lasquadra.pl\/en\/wp-json\/wp\/v2\/pages\/6416","targetHints":{"allow":["GET"]}}],"collection":[{"href":"https:\/\/lasquadra.pl\/en\/wp-json\/wp\/v2\/pages"}],"about":[{"href":"https:\/\/lasquadra.pl\/en\/wp-json\/wp\/v2\/types\/page"}],"author":[{"embeddable":true,"href":"https:\/\/lasquadra.pl\/en\/wp-json\/wp\/v2\/users\/1"}],"replies":[{"embeddable":true,"href":"https:\/\/lasquadra.pl\/en\/wp-json\/wp\/v2\/comments?post=6416"}],"version-history":[{"count":3,"href":"https:\/\/lasquadra.pl\/en\/wp-json\/wp\/v2\/pages\/6416\/revisions"}],"predecessor-version":[{"id":6956,"href":"https:\/\/lasquadra.pl\/en\/wp-json\/wp\/v2\/pages\/6416\/revisions\/6956"}],"up":[{"embeddable":true,"href":"https:\/\/lasquadra.pl\/en\/wp-json\/wp\/v2\/pages\/1008"}],"wp:attachment":[{"href":"https:\/\/lasquadra.pl\/en\/wp-json\/wp\/v2\/media?parent=6416"}],"curies":[{"name":"wp","href":"https:\/\/api.w.org\/{rel}","templated":true}]}}