{"id":6414,"date":"2023-04-03T08:57:29","date_gmt":"2023-04-03T06:57:29","guid":{"rendered":"https:\/\/lasquadra.pl\/?page_id=6414"},"modified":"2023-06-21T13:58:16","modified_gmt":"2023-06-21T11:58:16","slug":"corso-pilota-classiche","status":"publish","type":"page","link":"https:\/\/lasquadra.pl\/en\/racing\/ferrari-challenge\/corso-pilota-classiche\/","title":{"rendered":"Corso Pilota Classiche"},"content":{"rendered":"\n<p>This is a new addition to the Corso Pilota training programme. Participants in this course will have a unique opportunity to gain knowledge and experience in driving classic Ferrari models. The sensations and sounds accompanying the classic car driving generate unique emotions in their purest form. Due to the nature of the car, it takes many technical skills to master them. During the course, participants will train on perfectly maintained Ferrari 308 GTB from the 1970s, Ferrari Mondial 3.2 from the 1980s, or 550 Maranello from the 1990s. In addition to practical classes, participants will also learn about the history of these models, their design and construction stages and take part in a tour of the Ferrari Classiche workshops located at the Ferrari factory in Maranello.<\/p>\n","protected":false},"excerpt":{"rendered":"<p>This is a new addition to the Corso Pilota training programme. Participants in this course will have a unique opportunity to gain knowledge and experience in driving classic Ferrari models. The sensations and sounds accompanying the classic car driving generate unique emotions in their purest form. Due to the nature of the car, it takes [&hellip;]<\/p>\n","protected":false},"author":1,"featured_media":0,"parent":1008,"menu_order":0,"comment_status":"closed","ping_status":"closed","template":"templates\/tpl-sub-page-racing.php","meta":{"_acf_changed":false,"footnotes":""},"class_list":["post-6414","page","type-page","status-publish","hentry"],"acf":[],"yoast_head":"<!-- This site is optimized with the Yoast SEO plugin v27.3 - https:\/\/yoast.com\/product\/yoast-seo-wordpress\/ -->\n<title>La Squadra - Corso Pilota Classiche<\/title>\n<meta name=\"robots\" content=\"index, follow, max-snippet:-1, max-image-preview:large, max-video-preview:-1\" \/>\n<link rel=\"canonical\" href=\"https:\/\/lasquadra.pl\/en\/racing\/ferrari-challenge\/corso-pilota-classiche\/\" \/>\n<meta property=\"og:locale\" content=\"en_US\" \/>\n<meta property=\"og:type\" content=\"article\" \/>\n<meta property=\"og:title\" content=\"La Squadra - Corso Pilota Classiche\" \/>\n<meta property=\"og:description\" content=\"This is a new addition to the Corso Pilota training programme. Participants in this course will have a unique opportunity to gain knowledge and experience in driving classic Ferrari models. The sensations and sounds accompanying the classic car driving generate unique emotions in their purest form. Due to the nature of the car, it takes [&hellip;]\" \/>\n<meta property=\"og:url\" content=\"https:\/\/lasquadra.pl\/en\/racing\/ferrari-challenge\/corso-pilota-classiche\/\" \/>\n<meta property=\"og:site_name\" content=\"La Squadra\" \/>\n<meta property=\"article:modified_time\" content=\"2023-06-21T11:58:16+00:00\" \/>\n<meta property=\"og:image\" content=\"https:\/\/lasquadra.pl\/wp-content\/uploads\/2023\/08\/Zrzut-ekranu-2023-08-18-o-08.55.29.png\" \/>\n\t<meta property=\"og:image:width\" content=\"1550\" \/>\n\t<meta property=\"og:image:height\" content=\"789\" \/>\n\t<meta property=\"og:image:type\" content=\"image\/png\" \/>\n<meta name=\"twitter:card\" content=\"summary_large_image\" \/>\n<meta name=\"twitter:label1\" content=\"Est. reading time\" \/>\n\t<meta name=\"twitter:data1\" content=\"1 minute\" \/>\n<!-- \/ Yoast SEO plugin. -->","yoast_head_json":{"title":"La Squadra - Corso Pilota Classiche","robots":{"index":"index","follow":"follow","max-snippet":"max-snippet:-1","max-image-preview":"max-image-preview:large","max-video-preview":"max-video-preview:-1"},"canonical":"https:\/\/lasquadra.pl\/en\/racing\/ferrari-challenge\/corso-pilota-classiche\/","og_locale":"en_US","og_type":"article","og_title":"La Squadra - Corso Pilota Classiche","og_description":"This is a new addition to the Corso Pilota training programme. Participants in this course will have a unique opportunity to gain knowledge and experience in driving classic Ferrari models. The sensations and sounds accompanying the classic car driving generate unique emotions in their purest form. Due to the nature of the car, it takes [&hellip;]","og_url":"https:\/\/lasquadra.pl\/en\/racing\/ferrari-challenge\/corso-pilota-classiche\/","og_site_name":"La Squadra","article_modified_time":"2023-06-21T11:58:16+00:00","og_image":[{"width":1550,"height":789,"url":"https:\/\/lasquadra.pl\/wp-content\/uploads\/2023\/08\/Zrzut-ekranu-2023-08-18-o-08.55.29.png","type":"image\/png"}],"twitter_card":"summary_large_image","twitter_misc":{"Est. reading time":"1 minute"},"schema":{"@context":"https:\/\/schema.org","@graph":[{"@type":"WebPage","@id":"https:\/\/lasquadra.pl\/en\/racing\/ferrari-challenge\/corso-pilota-classiche\/","url":"https:\/\/lasquadra.pl\/en\/racing\/ferrari-challenge\/corso-pilota-classiche\/","name":"La Squadra - Corso Pilota Classiche","isPartOf":{"@id":"https:\/\/lasquadra.pl\/en\/#website"},"datePublished":"2023-04-03T06:57:29+00:00","dateModified":"2023-06-21T11:58:16+00:00","breadcrumb":{"@id":"https:\/\/lasquadra.pl\/en\/racing\/ferrari-challenge\/corso-pilota-classiche\/#breadcrumb"},"inLanguage":"en-US","potentialAction":[{"@type":"ReadAction","target":["https:\/\/lasquadra.pl\/en\/racing\/ferrari-challenge\/corso-pilota-classiche\/"]}]},{"@type":"BreadcrumbList","@id":"https:\/\/lasquadra.pl\/en\/racing\/ferrari-challenge\/corso-pilota-classiche\/#breadcrumb","itemListElement":[{"@type":"ListItem","position":1,"name":"Homepage","item":"https:\/\/lasquadra.pl\/en\/"},{"@type":"ListItem","position":2,"name":"Racing","item":"https:\/\/lasquadra.pl\/en\/racing\/"},{"@type":"ListItem","position":3,"name":"Ferrari challenge","item":"https:\/\/lasquadra.pl\/en\/racing\/ferrari-challenge\/"},{"@type":"ListItem","position":4,"name":"Corso Pilota Classiche"}]},{"@type":"WebSite","@id":"https:\/\/lasquadra.pl\/en\/#website","url":"https:\/\/lasquadra.pl\/en\/","name":"La Squadra","description":"La Squadra jest wynikiem pracy i pasji grupy entuzjast\u00f3w, zjednoczonych w przekonaniu, \u017ce motoryzacja to u\u017cytkowe dzie\u0142a sztuki zas\u0142uguj\u0105ce na zachowanie dla przysz\u0142ych generacji. Idea ta zosta\u0142a r\u00f3wnie\u017c wyra\u017cona w samej nazwie \u201eLa Squadra\u201d, kt\u00f3ra po w\u0142osku oznacza: \u201ezesp\u00f3\u0142\u201d, \u201edru\u017cyna\u201d.","potentialAction":[{"@type":"SearchAction","target":{"@type":"EntryPoint","urlTemplate":"https:\/\/lasquadra.pl\/en\/?s={search_term_string}"},"query-input":{"@type":"PropertyValueSpecification","valueRequired":true,"valueName":"search_term_string"}}],"inLanguage":"en-US"}]}},"_links":{"self":[{"href":"https:\/\/lasquadra.pl\/en\/wp-json\/wp\/v2\/pages\/6414","targetHints":{"allow":["GET"]}}],"collection":[{"href":"https:\/\/lasquadra.pl\/en\/wp-json\/wp\/v2\/pages"}],"about":[{"href":"https:\/\/lasquadra.pl\/en\/wp-json\/wp\/v2\/types\/page"}],"author":[{"embeddable":true,"href":"https:\/\/lasquadra.pl\/en\/wp-json\/wp\/v2\/users\/1"}],"replies":[{"embeddable":true,"href":"https:\/\/lasquadra.pl\/en\/wp-json\/wp\/v2\/comments?post=6414"}],"version-history":[{"count":3,"href":"https:\/\/lasquadra.pl\/en\/wp-json\/wp\/v2\/pages\/6414\/revisions"}],"predecessor-version":[{"id":6755,"href":"https:\/\/lasquadra.pl\/en\/wp-json\/wp\/v2\/pages\/6414\/revisions\/6755"}],"up":[{"embeddable":true,"href":"https:\/\/lasquadra.pl\/en\/wp-json\/wp\/v2\/pages\/1008"}],"wp:attachment":[{"href":"https:\/\/lasquadra.pl\/en\/wp-json\/wp\/v2\/media?parent=6414"}],"curies":[{"name":"wp","href":"https:\/\/api.w.org\/{rel}","templated":true}]}}