{"id":6412,"date":"2023-04-03T08:45:34","date_gmt":"2023-04-03T06:45:34","guid":{"rendered":"https:\/\/lasquadra.pl\/?page_id=6412"},"modified":"2023-08-17T11:56:13","modified_gmt":"2023-08-17T09:56:13","slug":"corso-pilota","status":"publish","type":"page","link":"https:\/\/lasquadra.pl\/en\/racing\/corso-pilota\/","title":{"rendered":"Corso Pilota"},"content":{"rendered":"\n<p>Since 1993, Ferrari has been running an official training programme called Corso Pilota. It is a professional driving school offering three levels of advancement adapted to the experience and needs of the students \u2013 from the basic Corso Pilota Sport, through Evoluzione+, to the most advanced Race course. The trainings are based on the latest teaching methods and highly qualified instructors. The training fleet includes the latest Ferrari models 296 GTB and SF90 Stradale, and at the Evoluzione+ and Race level, also the 488 Challenge Evo racing car.&nbsp; Many innovations have been prepared for the 2023 season. The teaching methods have undergone a thorough revision, enriching them with elements that use virtual reality technology. Thanks to this, the course has become even more advanced.<\/p>\n","protected":false},"excerpt":{"rendered":"<p>Since 1993, Ferrari has been running an official training programme called Corso Pilota. It is a professional driving school offering three levels of advancement adapted to the experience and needs of the students \u2013 from the basic Corso Pilota Sport, through Evoluzione+, to the most advanced Race course. The trainings are based on the latest [&hellip;]<\/p>\n","protected":false},"author":1,"featured_media":6916,"parent":1002,"menu_order":0,"comment_status":"closed","ping_status":"closed","template":"templates\/tpl-sub-page-racing.php","meta":{"_acf_changed":false,"footnotes":""},"class_list":["post-6412","page","type-page","status-publish","has-post-thumbnail","hentry"],"acf":[],"yoast_head":"<!-- This site is optimized with the Yoast SEO plugin v27.5 - https:\/\/yoast.com\/product\/yoast-seo-wordpress\/ -->\n<title>La Squadra - Corso Pilota<\/title>\n<meta name=\"robots\" content=\"index, follow, max-snippet:-1, max-image-preview:large, max-video-preview:-1\" \/>\n<link rel=\"canonical\" href=\"https:\/\/lasquadra.pl\/en\/racing\/corso-pilota\/\" \/>\n<meta property=\"og:locale\" content=\"en_US\" \/>\n<meta property=\"og:type\" content=\"article\" \/>\n<meta property=\"og:title\" content=\"La Squadra - Corso Pilota\" \/>\n<meta property=\"og:description\" content=\"Since 1993, Ferrari has been running an official training programme called Corso Pilota. It is a professional driving school offering three levels of advancement adapted to the experience and needs of the students \u2013 from the basic Corso Pilota Sport, through Evoluzione+, to the most advanced Race course. The trainings are based on the latest [&hellip;]\" \/>\n<meta property=\"og:url\" content=\"https:\/\/lasquadra.pl\/en\/racing\/corso-pilota\/\" \/>\n<meta property=\"og:site_name\" content=\"La Squadra\" \/>\n<meta property=\"article:modified_time\" content=\"2023-08-17T09:56:13+00:00\" \/>\n<meta property=\"og:image\" content=\"https:\/\/lasquadra.pl\/wp-content\/uploads\/2023\/06\/Corso-Pilota-__Corso-Pilota-Sport_141-1.jpg\" \/>\n\t<meta property=\"og:image:width\" content=\"1920\" \/>\n\t<meta property=\"og:image:height\" content=\"1280\" \/>\n\t<meta property=\"og:image:type\" content=\"image\/jpeg\" \/>\n<meta name=\"twitter:card\" content=\"summary_large_image\" \/>\n<meta name=\"twitter:label1\" content=\"Est. reading time\" \/>\n\t<meta name=\"twitter:data1\" content=\"1 minute\" \/>\n<!-- \/ Yoast SEO plugin. -->","yoast_head_json":{"title":"La Squadra - Corso Pilota","robots":{"index":"index","follow":"follow","max-snippet":"max-snippet:-1","max-image-preview":"max-image-preview:large","max-video-preview":"max-video-preview:-1"},"canonical":"https:\/\/lasquadra.pl\/en\/racing\/corso-pilota\/","og_locale":"en_US","og_type":"article","og_title":"La Squadra - Corso Pilota","og_description":"Since 1993, Ferrari has been running an official training programme called Corso Pilota. It is a professional driving school offering three levels of advancement adapted to the experience and needs of the students \u2013 from the basic Corso Pilota Sport, through Evoluzione+, to the most advanced Race course. The trainings are based on the latest [&hellip;]","og_url":"https:\/\/lasquadra.pl\/en\/racing\/corso-pilota\/","og_site_name":"La Squadra","article_modified_time":"2023-08-17T09:56:13+00:00","og_image":[{"width":1920,"height":1280,"url":"https:\/\/lasquadra.pl\/wp-content\/uploads\/2023\/06\/Corso-Pilota-__Corso-Pilota-Sport_141-1.jpg","type":"image\/jpeg"}],"twitter_card":"summary_large_image","twitter_misc":{"Est. reading time":"1 minute"},"schema":{"@context":"https:\/\/schema.org","@graph":[{"@type":"WebPage","@id":"https:\/\/lasquadra.pl\/en\/racing\/corso-pilota\/","url":"https:\/\/lasquadra.pl\/en\/racing\/corso-pilota\/","name":"La Squadra - Corso Pilota","isPartOf":{"@id":"https:\/\/lasquadra.pl\/en\/#website"},"primaryImageOfPage":{"@id":"https:\/\/lasquadra.pl\/en\/racing\/corso-pilota\/#primaryimage"},"image":{"@id":"https:\/\/lasquadra.pl\/en\/racing\/corso-pilota\/#primaryimage"},"thumbnailUrl":"https:\/\/lasquadra.pl\/wp-content\/uploads\/2023\/06\/Corso-Pilota-__Corso-Pilota-Sport_141-1.jpg","datePublished":"2023-04-03T06:45:34+00:00","dateModified":"2023-08-17T09:56:13+00:00","breadcrumb":{"@id":"https:\/\/lasquadra.pl\/en\/racing\/corso-pilota\/#breadcrumb"},"inLanguage":"en-US","potentialAction":[{"@type":"ReadAction","target":["https:\/\/lasquadra.pl\/en\/racing\/corso-pilota\/"]}]},{"@type":"ImageObject","inLanguage":"en-US","@id":"https:\/\/lasquadra.pl\/en\/racing\/corso-pilota\/#primaryimage","url":"https:\/\/lasquadra.pl\/wp-content\/uploads\/2023\/06\/Corso-Pilota-__Corso-Pilota-Sport_141-1.jpg","contentUrl":"https:\/\/lasquadra.pl\/wp-content\/uploads\/2023\/06\/Corso-Pilota-__Corso-Pilota-Sport_141-1.jpg","width":1920,"height":1280},{"@type":"BreadcrumbList","@id":"https:\/\/lasquadra.pl\/en\/racing\/corso-pilota\/#breadcrumb","itemListElement":[{"@type":"ListItem","position":1,"name":"Homepage","item":"https:\/\/lasquadra.pl\/en\/"},{"@type":"ListItem","position":2,"name":"Racing","item":"https:\/\/lasquadra.pl\/en\/racing\/"},{"@type":"ListItem","position":3,"name":"Corso Pilota"}]},{"@type":"WebSite","@id":"https:\/\/lasquadra.pl\/en\/#website","url":"https:\/\/lasquadra.pl\/en\/","name":"La Squadra","description":"La Squadra jest wynikiem pracy i pasji grupy entuzjast\u00f3w, zjednoczonych w przekonaniu, \u017ce motoryzacja to u\u017cytkowe dzie\u0142a sztuki zas\u0142uguj\u0105ce na zachowanie dla przysz\u0142ych generacji. Idea ta zosta\u0142a r\u00f3wnie\u017c wyra\u017cona w samej nazwie \u201eLa Squadra\u201d, kt\u00f3ra po w\u0142osku oznacza: \u201ezesp\u00f3\u0142\u201d, \u201edru\u017cyna\u201d.","potentialAction":[{"@type":"SearchAction","target":{"@type":"EntryPoint","urlTemplate":"https:\/\/lasquadra.pl\/en\/?s={search_term_string}"},"query-input":{"@type":"PropertyValueSpecification","valueRequired":true,"valueName":"search_term_string"}}],"inLanguage":"en-US"}]}},"_links":{"self":[{"href":"https:\/\/lasquadra.pl\/en\/wp-json\/wp\/v2\/pages\/6412","targetHints":{"allow":["GET"]}}],"collection":[{"href":"https:\/\/lasquadra.pl\/en\/wp-json\/wp\/v2\/pages"}],"about":[{"href":"https:\/\/lasquadra.pl\/en\/wp-json\/wp\/v2\/types\/page"}],"author":[{"embeddable":true,"href":"https:\/\/lasquadra.pl\/en\/wp-json\/wp\/v2\/users\/1"}],"replies":[{"embeddable":true,"href":"https:\/\/lasquadra.pl\/en\/wp-json\/wp\/v2\/comments?post=6412"}],"version-history":[{"count":7,"href":"https:\/\/lasquadra.pl\/en\/wp-json\/wp\/v2\/pages\/6412\/revisions"}],"predecessor-version":[{"id":7163,"href":"https:\/\/lasquadra.pl\/en\/wp-json\/wp\/v2\/pages\/6412\/revisions\/7163"}],"up":[{"embeddable":true,"href":"https:\/\/lasquadra.pl\/en\/wp-json\/wp\/v2\/pages\/1002"}],"wp:featuredmedia":[{"embeddable":true,"href":"https:\/\/lasquadra.pl\/en\/wp-json\/wp\/v2\/media\/6916"}],"wp:attachment":[{"href":"https:\/\/lasquadra.pl\/en\/wp-json\/wp\/v2\/media?parent=6412"}],"curies":[{"name":"wp","href":"https:\/\/api.w.org\/{rel}","templated":true}]}}