{"id":1078,"date":"2023-02-14T10:29:26","date_gmt":"2023-02-14T09:29:26","guid":{"rendered":"https:\/\/lasquadra.pl\/moje-konto\/"},"modified":"2023-02-15T09:08:19","modified_gmt":"2023-02-15T08:08:19","slug":"my-account","status":"publish","type":"page","link":"https:\/\/lasquadra.pl\/en\/my-account\/","title":{"rendered":"My account"},"content":{"rendered":"<div class=\"woocommerce\"><\/div>\n","protected":false},"excerpt":{"rendered":"","protected":false},"author":1,"featured_media":0,"parent":0,"menu_order":0,"comment_status":"closed","ping_status":"closed","template":"templates\/tpl-my-account.php","meta":{"_acf_changed":false,"footnotes":""},"class_list":["post-1078","page","type-page","status-publish","hentry"],"acf":[],"yoast_head":"<!-- This site is optimized with the Yoast SEO plugin v27.3 - https:\/\/yoast.com\/product\/yoast-seo-wordpress\/ -->\n<title>La Squadra - My account<\/title>\n<meta name=\"robots\" content=\"index, follow, max-snippet:-1, max-image-preview:large, max-video-preview:-1\" \/>\n<link rel=\"canonical\" href=\"https:\/\/lasquadra.pl\/en\/my-account\/\" \/>\n<meta property=\"og:locale\" content=\"en_US\" \/>\n<meta property=\"og:type\" content=\"article\" \/>\n<meta property=\"og:title\" content=\"La Squadra - My account\" \/>\n<meta property=\"og:url\" content=\"https:\/\/lasquadra.pl\/en\/my-account\/\" \/>\n<meta property=\"og:site_name\" content=\"La Squadra\" \/>\n<meta property=\"article:modified_time\" content=\"2023-02-15T08:08:19+00:00\" \/>\n<meta property=\"og:image\" content=\"https:\/\/lasquadra.pl\/wp-content\/uploads\/2023\/08\/Zrzut-ekranu-2023-08-18-o-08.55.29.png\" \/>\n\t<meta property=\"og:image:width\" content=\"1550\" \/>\n\t<meta property=\"og:image:height\" content=\"789\" \/>\n\t<meta property=\"og:image:type\" content=\"image\/png\" \/>\n<meta name=\"twitter:card\" content=\"summary_large_image\" \/>\n<meta name=\"twitter:label1\" content=\"Est. reading time\" \/>\n\t<meta name=\"twitter:data1\" content=\"1 minute\" \/>\n<!-- \/ Yoast SEO plugin. -->","yoast_head_json":{"title":"La Squadra - My account","robots":{"index":"index","follow":"follow","max-snippet":"max-snippet:-1","max-image-preview":"max-image-preview:large","max-video-preview":"max-video-preview:-1"},"canonical":"https:\/\/lasquadra.pl\/en\/my-account\/","og_locale":"en_US","og_type":"article","og_title":"La Squadra - My account","og_url":"https:\/\/lasquadra.pl\/en\/my-account\/","og_site_name":"La Squadra","article_modified_time":"2023-02-15T08:08:19+00:00","og_image":[{"width":1550,"height":789,"url":"https:\/\/lasquadra.pl\/wp-content\/uploads\/2023\/08\/Zrzut-ekranu-2023-08-18-o-08.55.29.png","type":"image\/png"}],"twitter_card":"summary_large_image","twitter_misc":{"Est. reading time":"1 minute"},"schema":{"@context":"https:\/\/schema.org","@graph":[{"@type":"WebPage","@id":"https:\/\/lasquadra.pl\/en\/my-account\/","url":"https:\/\/lasquadra.pl\/en\/my-account\/","name":"La Squadra - My account","isPartOf":{"@id":"https:\/\/lasquadra.pl\/en\/#website"},"datePublished":"2023-02-14T09:29:26+00:00","dateModified":"2023-02-15T08:08:19+00:00","breadcrumb":{"@id":"https:\/\/lasquadra.pl\/en\/my-account\/#breadcrumb"},"inLanguage":"en-US","potentialAction":[{"@type":"ReadAction","target":["https:\/\/lasquadra.pl\/en\/my-account\/"]}]},{"@type":"BreadcrumbList","@id":"https:\/\/lasquadra.pl\/en\/my-account\/#breadcrumb","itemListElement":[{"@type":"ListItem","position":1,"name":"Homepage","item":"https:\/\/lasquadra.pl\/en\/"},{"@type":"ListItem","position":2,"name":"My account"}]},{"@type":"WebSite","@id":"https:\/\/lasquadra.pl\/en\/#website","url":"https:\/\/lasquadra.pl\/en\/","name":"La Squadra","description":"La Squadra jest wynikiem pracy i pasji grupy entuzjast\u00f3w, zjednoczonych w przekonaniu, \u017ce motoryzacja to u\u017cytkowe dzie\u0142a sztuki zas\u0142uguj\u0105ce na zachowanie dla przysz\u0142ych generacji. Idea ta zosta\u0142a r\u00f3wnie\u017c wyra\u017cona w samej nazwie \u201eLa Squadra\u201d, kt\u00f3ra po w\u0142osku oznacza: \u201ezesp\u00f3\u0142\u201d, \u201edru\u017cyna\u201d.","potentialAction":[{"@type":"SearchAction","target":{"@type":"EntryPoint","urlTemplate":"https:\/\/lasquadra.pl\/en\/?s={search_term_string}"},"query-input":{"@type":"PropertyValueSpecification","valueRequired":true,"valueName":"search_term_string"}}],"inLanguage":"en-US"}]}},"_links":{"self":[{"href":"https:\/\/lasquadra.pl\/en\/wp-json\/wp\/v2\/pages\/1078","targetHints":{"allow":["GET"]}}],"collection":[{"href":"https:\/\/lasquadra.pl\/en\/wp-json\/wp\/v2\/pages"}],"about":[{"href":"https:\/\/lasquadra.pl\/en\/wp-json\/wp\/v2\/types\/page"}],"author":[{"embeddable":true,"href":"https:\/\/lasquadra.pl\/en\/wp-json\/wp\/v2\/users\/1"}],"replies":[{"embeddable":true,"href":"https:\/\/lasquadra.pl\/en\/wp-json\/wp\/v2\/comments?post=1078"}],"version-history":[{"count":3,"href":"https:\/\/lasquadra.pl\/en\/wp-json\/wp\/v2\/pages\/1078\/revisions"}],"predecessor-version":[{"id":1116,"href":"https:\/\/lasquadra.pl\/en\/wp-json\/wp\/v2\/pages\/1078\/revisions\/1116"}],"wp:attachment":[{"href":"https:\/\/lasquadra.pl\/en\/wp-json\/wp\/v2\/media?parent=1078"}],"curies":[{"name":"wp","href":"https:\/\/api.w.org\/{rel}","templated":true}]}}