{"id":1010,"date":"2023-01-26T09:24:26","date_gmt":"2023-01-26T08:24:26","guid":{"rendered":"https:\/\/lasquadra.pl\/?page_id=1010"},"modified":"2023-06-21T13:55:41","modified_gmt":"2023-06-21T11:55:41","slug":"la-squadra-on-the-track","status":"publish","type":"page","link":"https:\/\/lasquadra.pl\/en\/racing\/la-squadra-on-the-track\/","title":{"rendered":"La squadra on the track"},"content":{"rendered":"\n<p>Ferrari Katowice also organises local motorsport events. They are held regularly at the Silesia Ring circuit in the form of track days. This is a proposal aimed at Ferrari and other sports car owners who have racing ambitions or want to improve their skills behind the wheel in controlled conditions. We also offer safe driving training conducted under the supervision of trained instructors.<\/p>\n","protected":false},"excerpt":{"rendered":"<p>Ferrari Katowice also organises local motorsport events. They are held regularly at the Silesia Ring circuit in the form of track days. This is a proposal aimed at Ferrari and other sports car owners who have racing ambitions or want to improve their skills behind the wheel in controlled conditions. We also offer safe driving [&hellip;]<\/p>\n","protected":false},"author":1,"featured_media":6747,"parent":1002,"menu_order":0,"comment_status":"closed","ping_status":"closed","template":"templates\/tpl-sub-page-racing.php","meta":{"_acf_changed":false,"footnotes":""},"class_list":["post-1010","page","type-page","status-publish","has-post-thumbnail","hentry"],"acf":[],"yoast_head":"<!-- This site is optimized with the Yoast SEO plugin v27.3 - https:\/\/yoast.com\/product\/yoast-seo-wordpress\/ -->\n<title>La Squadra - La squadra on the track<\/title>\n<meta name=\"robots\" content=\"index, follow, max-snippet:-1, max-image-preview:large, max-video-preview:-1\" \/>\n<link rel=\"canonical\" href=\"https:\/\/lasquadra.pl\/en\/racing\/la-squadra-on-the-track\/\" \/>\n<meta property=\"og:locale\" content=\"en_US\" \/>\n<meta property=\"og:type\" content=\"article\" \/>\n<meta property=\"og:title\" content=\"La Squadra - La squadra on the track\" \/>\n<meta property=\"og:description\" content=\"Ferrari Katowice also organises local motorsport events. They are held regularly at the Silesia Ring circuit in the form of track days. This is a proposal aimed at Ferrari and other sports car owners who have racing ambitions or want to improve their skills behind the wheel in controlled conditions. We also offer safe driving [&hellip;]\" \/>\n<meta property=\"og:url\" content=\"https:\/\/lasquadra.pl\/en\/racing\/la-squadra-on-the-track\/\" \/>\n<meta property=\"og:site_name\" content=\"La Squadra\" \/>\n<meta property=\"article:modified_time\" content=\"2023-06-21T11:55:41+00:00\" \/>\n<meta property=\"og:image\" content=\"https:\/\/lasquadra.pl\/wp-content\/uploads\/2023\/06\/LS_On_Track___DSC03478.jpg\" \/>\n\t<meta property=\"og:image:width\" content=\"1920\" \/>\n\t<meta property=\"og:image:height\" content=\"1281\" \/>\n\t<meta property=\"og:image:type\" content=\"image\/jpeg\" \/>\n<meta name=\"twitter:card\" content=\"summary_large_image\" \/>\n<meta name=\"twitter:label1\" content=\"Est. reading time\" \/>\n\t<meta name=\"twitter:data1\" content=\"1 minute\" \/>\n<!-- \/ Yoast SEO plugin. -->","yoast_head_json":{"title":"La Squadra - La squadra on the track","robots":{"index":"index","follow":"follow","max-snippet":"max-snippet:-1","max-image-preview":"max-image-preview:large","max-video-preview":"max-video-preview:-1"},"canonical":"https:\/\/lasquadra.pl\/en\/racing\/la-squadra-on-the-track\/","og_locale":"en_US","og_type":"article","og_title":"La Squadra - La squadra on the track","og_description":"Ferrari Katowice also organises local motorsport events. They are held regularly at the Silesia Ring circuit in the form of track days. This is a proposal aimed at Ferrari and other sports car owners who have racing ambitions or want to improve their skills behind the wheel in controlled conditions. We also offer safe driving [&hellip;]","og_url":"https:\/\/lasquadra.pl\/en\/racing\/la-squadra-on-the-track\/","og_site_name":"La Squadra","article_modified_time":"2023-06-21T11:55:41+00:00","og_image":[{"width":1920,"height":1281,"url":"https:\/\/lasquadra.pl\/wp-content\/uploads\/2023\/06\/LS_On_Track___DSC03478.jpg","type":"image\/jpeg"}],"twitter_card":"summary_large_image","twitter_misc":{"Est. reading time":"1 minute"},"schema":{"@context":"https:\/\/schema.org","@graph":[{"@type":"WebPage","@id":"https:\/\/lasquadra.pl\/en\/racing\/la-squadra-on-the-track\/","url":"https:\/\/lasquadra.pl\/en\/racing\/la-squadra-on-the-track\/","name":"La Squadra - La squadra on the track","isPartOf":{"@id":"https:\/\/lasquadra.pl\/en\/#website"},"primaryImageOfPage":{"@id":"https:\/\/lasquadra.pl\/en\/racing\/la-squadra-on-the-track\/#primaryimage"},"image":{"@id":"https:\/\/lasquadra.pl\/en\/racing\/la-squadra-on-the-track\/#primaryimage"},"thumbnailUrl":"https:\/\/lasquadra.pl\/wp-content\/uploads\/2023\/06\/LS_On_Track___DSC03478.jpg","datePublished":"2023-01-26T08:24:26+00:00","dateModified":"2023-06-21T11:55:41+00:00","breadcrumb":{"@id":"https:\/\/lasquadra.pl\/en\/racing\/la-squadra-on-the-track\/#breadcrumb"},"inLanguage":"en-US","potentialAction":[{"@type":"ReadAction","target":["https:\/\/lasquadra.pl\/en\/racing\/la-squadra-on-the-track\/"]}]},{"@type":"ImageObject","inLanguage":"en-US","@id":"https:\/\/lasquadra.pl\/en\/racing\/la-squadra-on-the-track\/#primaryimage","url":"https:\/\/lasquadra.pl\/wp-content\/uploads\/2023\/06\/LS_On_Track___DSC03478.jpg","contentUrl":"https:\/\/lasquadra.pl\/wp-content\/uploads\/2023\/06\/LS_On_Track___DSC03478.jpg","width":1920,"height":1281},{"@type":"BreadcrumbList","@id":"https:\/\/lasquadra.pl\/en\/racing\/la-squadra-on-the-track\/#breadcrumb","itemListElement":[{"@type":"ListItem","position":1,"name":"Homepage","item":"https:\/\/lasquadra.pl\/en\/"},{"@type":"ListItem","position":2,"name":"Racing","item":"https:\/\/lasquadra.pl\/en\/racing\/"},{"@type":"ListItem","position":3,"name":"La squadra on the track"}]},{"@type":"WebSite","@id":"https:\/\/lasquadra.pl\/en\/#website","url":"https:\/\/lasquadra.pl\/en\/","name":"La Squadra","description":"La Squadra jest wynikiem pracy i pasji grupy entuzjast\u00f3w, zjednoczonych w przekonaniu, \u017ce motoryzacja to u\u017cytkowe dzie\u0142a sztuki zas\u0142uguj\u0105ce na zachowanie dla przysz\u0142ych generacji. Idea ta zosta\u0142a r\u00f3wnie\u017c wyra\u017cona w samej nazwie \u201eLa Squadra\u201d, kt\u00f3ra po w\u0142osku oznacza: \u201ezesp\u00f3\u0142\u201d, \u201edru\u017cyna\u201d.","potentialAction":[{"@type":"SearchAction","target":{"@type":"EntryPoint","urlTemplate":"https:\/\/lasquadra.pl\/en\/?s={search_term_string}"},"query-input":{"@type":"PropertyValueSpecification","valueRequired":true,"valueName":"search_term_string"}}],"inLanguage":"en-US"}]}},"_links":{"self":[{"href":"https:\/\/lasquadra.pl\/en\/wp-json\/wp\/v2\/pages\/1010","targetHints":{"allow":["GET"]}}],"collection":[{"href":"https:\/\/lasquadra.pl\/en\/wp-json\/wp\/v2\/pages"}],"about":[{"href":"https:\/\/lasquadra.pl\/en\/wp-json\/wp\/v2\/types\/page"}],"author":[{"embeddable":true,"href":"https:\/\/lasquadra.pl\/en\/wp-json\/wp\/v2\/users\/1"}],"replies":[{"embeddable":true,"href":"https:\/\/lasquadra.pl\/en\/wp-json\/wp\/v2\/comments?post=1010"}],"version-history":[{"count":7,"href":"https:\/\/lasquadra.pl\/en\/wp-json\/wp\/v2\/pages\/1010\/revisions"}],"predecessor-version":[{"id":6750,"href":"https:\/\/lasquadra.pl\/en\/wp-json\/wp\/v2\/pages\/1010\/revisions\/6750"}],"up":[{"embeddable":true,"href":"https:\/\/lasquadra.pl\/en\/wp-json\/wp\/v2\/pages\/1002"}],"wp:featuredmedia":[{"embeddable":true,"href":"https:\/\/lasquadra.pl\/en\/wp-json\/wp\/v2\/media\/6747"}],"wp:attachment":[{"href":"https:\/\/lasquadra.pl\/en\/wp-json\/wp\/v2\/media?parent=1010"}],"curies":[{"name":"wp","href":"https:\/\/api.w.org\/{rel}","templated":true}]}}