{"id":1009,"date":"2023-01-26T09:23:14","date_gmt":"2023-01-26T08:23:14","guid":{"rendered":"https:\/\/lasquadra.pl\/?page_id=1009"},"modified":"2023-06-30T08:50:47","modified_gmt":"2023-06-30T06:50:47","slug":"formula-1","status":"publish","type":"page","link":"https:\/\/lasquadra.pl\/en\/racing\/formula-1\/","title":{"rendered":"Formula 1"},"content":{"rendered":"\n<p>In 1950, the first Formula 1 World Championship in history took place. Scuderia Ferrari participated in it from the second race \u2013 the Monaco Grand Prix. Since then, the red cars from Maranello have been part of every season of this discipline. Ferrari is the most successful team in the history of these prestigious races, with 16 constructor championships and 15 driver championships to its name. The record holder is Michael Schumacher, who won five of his seven titles in Ferrari colors. The last Scuderia driver to win a championship crown was Kimi R\u00e4ikk\u00f6nen, who did so in 2007. Currently, Ferrari&#8217;s drivers are Charles Leclerc and Carlos Sainz.<\/p>\n","protected":false},"excerpt":{"rendered":"<p>In 1950, the first Formula 1 World Championship in history took place. Scuderia Ferrari participated in it from the second race \u2013 the Monaco Grand Prix. Since then, the red cars from Maranello have been part of every season of this discipline. Ferrari is the most successful team in the history of these prestigious races, [&hellip;]<\/p>\n","protected":false},"author":1,"featured_media":6735,"parent":1002,"menu_order":0,"comment_status":"closed","ping_status":"closed","template":"templates\/tpl-sub-page-racing.php","meta":{"_acf_changed":false,"footnotes":""},"class_list":["post-1009","page","type-page","status-publish","has-post-thumbnail","hentry"],"acf":[],"yoast_head":"<!-- This site is optimized with the Yoast SEO plugin v27.3 - https:\/\/yoast.com\/product\/yoast-seo-wordpress\/ -->\n<title>La Squadra - Formula 1<\/title>\n<meta name=\"robots\" content=\"index, follow, max-snippet:-1, max-image-preview:large, max-video-preview:-1\" \/>\n<link rel=\"canonical\" href=\"https:\/\/lasquadra.pl\/en\/racing\/formula-1\/\" \/>\n<meta property=\"og:locale\" content=\"en_US\" \/>\n<meta property=\"og:type\" content=\"article\" \/>\n<meta property=\"og:title\" content=\"La Squadra - Formula 1\" \/>\n<meta property=\"og:description\" content=\"In 1950, the first Formula 1 World Championship in history took place. Scuderia Ferrari participated in it from the second race \u2013 the Monaco Grand Prix. Since then, the red cars from Maranello have been part of every season of this discipline. Ferrari is the most successful team in the history of these prestigious races, [&hellip;]\" \/>\n<meta property=\"og:url\" content=\"https:\/\/lasquadra.pl\/en\/racing\/formula-1\/\" \/>\n<meta property=\"og:site_name\" content=\"La Squadra\" \/>\n<meta property=\"article:modified_time\" content=\"2023-06-30T06:50:47+00:00\" \/>\n<meta property=\"og:image\" content=\"https:\/\/lasquadra.pl\/wp-content\/uploads\/2023\/06\/racing_f1__2300074-canadian-gp-race.jpg\" \/>\n\t<meta property=\"og:image:width\" content=\"1920\" \/>\n\t<meta property=\"og:image:height\" content=\"1280\" \/>\n\t<meta property=\"og:image:type\" content=\"image\/jpeg\" \/>\n<meta name=\"twitter:card\" content=\"summary_large_image\" \/>\n<meta name=\"twitter:label1\" content=\"Est. reading time\" \/>\n\t<meta name=\"twitter:data1\" content=\"1 minute\" \/>\n<!-- \/ Yoast SEO plugin. -->","yoast_head_json":{"title":"La Squadra - Formula 1","robots":{"index":"index","follow":"follow","max-snippet":"max-snippet:-1","max-image-preview":"max-image-preview:large","max-video-preview":"max-video-preview:-1"},"canonical":"https:\/\/lasquadra.pl\/en\/racing\/formula-1\/","og_locale":"en_US","og_type":"article","og_title":"La Squadra - Formula 1","og_description":"In 1950, the first Formula 1 World Championship in history took place. Scuderia Ferrari participated in it from the second race \u2013 the Monaco Grand Prix. Since then, the red cars from Maranello have been part of every season of this discipline. Ferrari is the most successful team in the history of these prestigious races, [&hellip;]","og_url":"https:\/\/lasquadra.pl\/en\/racing\/formula-1\/","og_site_name":"La Squadra","article_modified_time":"2023-06-30T06:50:47+00:00","og_image":[{"width":1920,"height":1280,"url":"https:\/\/lasquadra.pl\/wp-content\/uploads\/2023\/06\/racing_f1__2300074-canadian-gp-race.jpg","type":"image\/jpeg"}],"twitter_card":"summary_large_image","twitter_misc":{"Est. reading time":"1 minute"},"schema":{"@context":"https:\/\/schema.org","@graph":[{"@type":"WebPage","@id":"https:\/\/lasquadra.pl\/en\/racing\/formula-1\/","url":"https:\/\/lasquadra.pl\/en\/racing\/formula-1\/","name":"La Squadra - Formula 1","isPartOf":{"@id":"https:\/\/lasquadra.pl\/en\/#website"},"primaryImageOfPage":{"@id":"https:\/\/lasquadra.pl\/en\/racing\/formula-1\/#primaryimage"},"image":{"@id":"https:\/\/lasquadra.pl\/en\/racing\/formula-1\/#primaryimage"},"thumbnailUrl":"https:\/\/lasquadra.pl\/wp-content\/uploads\/2023\/06\/racing_f1__2300074-canadian-gp-race.jpg","datePublished":"2023-01-26T08:23:14+00:00","dateModified":"2023-06-30T06:50:47+00:00","breadcrumb":{"@id":"https:\/\/lasquadra.pl\/en\/racing\/formula-1\/#breadcrumb"},"inLanguage":"en-US","potentialAction":[{"@type":"ReadAction","target":["https:\/\/lasquadra.pl\/en\/racing\/formula-1\/"]}]},{"@type":"ImageObject","inLanguage":"en-US","@id":"https:\/\/lasquadra.pl\/en\/racing\/formula-1\/#primaryimage","url":"https:\/\/lasquadra.pl\/wp-content\/uploads\/2023\/06\/racing_f1__2300074-canadian-gp-race.jpg","contentUrl":"https:\/\/lasquadra.pl\/wp-content\/uploads\/2023\/06\/racing_f1__2300074-canadian-gp-race.jpg","width":1920,"height":1280,"caption":"4 - GP CANADA F1\/2023 - DOMENICA 18\/06\/2023 - credit: @Scuderia Ferrari Press Office"},{"@type":"BreadcrumbList","@id":"https:\/\/lasquadra.pl\/en\/racing\/formula-1\/#breadcrumb","itemListElement":[{"@type":"ListItem","position":1,"name":"Homepage","item":"https:\/\/lasquadra.pl\/en\/"},{"@type":"ListItem","position":2,"name":"Racing","item":"https:\/\/lasquadra.pl\/en\/racing\/"},{"@type":"ListItem","position":3,"name":"Formula 1"}]},{"@type":"WebSite","@id":"https:\/\/lasquadra.pl\/en\/#website","url":"https:\/\/lasquadra.pl\/en\/","name":"La Squadra","description":"La Squadra jest wynikiem pracy i pasji grupy entuzjast\u00f3w, zjednoczonych w przekonaniu, \u017ce motoryzacja to u\u017cytkowe dzie\u0142a sztuki zas\u0142uguj\u0105ce na zachowanie dla przysz\u0142ych generacji. Idea ta zosta\u0142a r\u00f3wnie\u017c wyra\u017cona w samej nazwie \u201eLa Squadra\u201d, kt\u00f3ra po w\u0142osku oznacza: \u201ezesp\u00f3\u0142\u201d, \u201edru\u017cyna\u201d.","potentialAction":[{"@type":"SearchAction","target":{"@type":"EntryPoint","urlTemplate":"https:\/\/lasquadra.pl\/en\/?s={search_term_string}"},"query-input":{"@type":"PropertyValueSpecification","valueRequired":true,"valueName":"search_term_string"}}],"inLanguage":"en-US"}]}},"_links":{"self":[{"href":"https:\/\/lasquadra.pl\/en\/wp-json\/wp\/v2\/pages\/1009","targetHints":{"allow":["GET"]}}],"collection":[{"href":"https:\/\/lasquadra.pl\/en\/wp-json\/wp\/v2\/pages"}],"about":[{"href":"https:\/\/lasquadra.pl\/en\/wp-json\/wp\/v2\/types\/page"}],"author":[{"embeddable":true,"href":"https:\/\/lasquadra.pl\/en\/wp-json\/wp\/v2\/users\/1"}],"replies":[{"embeddable":true,"href":"https:\/\/lasquadra.pl\/en\/wp-json\/wp\/v2\/comments?post=1009"}],"version-history":[{"count":8,"href":"https:\/\/lasquadra.pl\/en\/wp-json\/wp\/v2\/pages\/1009\/revisions"}],"predecessor-version":[{"id":6958,"href":"https:\/\/lasquadra.pl\/en\/wp-json\/wp\/v2\/pages\/1009\/revisions\/6958"}],"up":[{"embeddable":true,"href":"https:\/\/lasquadra.pl\/en\/wp-json\/wp\/v2\/pages\/1002"}],"wp:featuredmedia":[{"embeddable":true,"href":"https:\/\/lasquadra.pl\/en\/wp-json\/wp\/v2\/media\/6735"}],"wp:attachment":[{"href":"https:\/\/lasquadra.pl\/en\/wp-json\/wp\/v2\/media?parent=1009"}],"curies":[{"name":"wp","href":"https:\/\/api.w.org\/{rel}","templated":true}]}}